{"id":11766,"date":"2025-01-31T08:33:27","date_gmt":"2025-01-31T07:33:27","guid":{"rendered":"https:\/\/divainers.com\/producto\/divain-781\/"},"modified":"2026-04-30T16:13:43","modified_gmt":"2026-04-30T14:13:43","slug":"divain-781","status":"publish","type":"product","link":"https:\/\/divainers.com\/hr\/producto\/divain-781\/","title":{"rendered":"divain.781"},"content":{"rendered":"<p>Ova uniseks mirisna kompozicija zapo\u010dinje za\u010dinskim i citrusnim notama, gdje se korijander i kumin isprepli\u0107u sa svje\u017eim akordima, stvaraju\u0107i osje\u0107aj topline i sofisticiranosti. U srcu, cedar i jasmin donose drvenastu i cvjetnu eleganciju, prizivaju\u0107i spokoj pustinjskih krajolika. Baza od pa\u010dulija, sive amber i smola dodaje balzami\u010dnu i zemljanu dubinu, odra\u017eavaju\u0107i prirodno bogatstvo Magreba. Ova kompozicija, predstavljena u luksuznoj koncentraciji ekstrakta parfema, nudi jedinstveno senzorno iskustvo koje hvata bit pustinje.<\/p>\n","protected":false},"excerpt":{"rendered":"<p>Podsje\u0107a na Au Coeur du D\u00e9sert od Tauer<\/p>\n","protected":false},"featured_media":11762,"comment_status":"open","ping_status":"closed","template":"","meta":[],"product_brand":[],"product_cat":[3464],"product_tag":[1410],"class_list":{"0":"post-11766","1":"product","2":"type-product","3":"status-publish","4":"has-post-thumbnail","6":"product_cat-tauer","7":"product_tag-uniseks","9":"first","10":"instock","11":"shipping-taxable","12":"product-type-simple"},"_links":{"self":[{"href":"https:\/\/divainers.com\/hr\/wp-json\/wp\/v2\/product\/11766","targetHints":{"allow":["GET"]}}],"collection":[{"href":"https:\/\/divainers.com\/hr\/wp-json\/wp\/v2\/product"}],"about":[{"href":"https:\/\/divainers.com\/hr\/wp-json\/wp\/v2\/types\/product"}],"replies":[{"embeddable":true,"href":"https:\/\/divainers.com\/hr\/wp-json\/wp\/v2\/comments?post=11766"}],"wp:featuredmedia":[{"embeddable":true,"href":"https:\/\/divainers.com\/hr\/wp-json\/wp\/v2\/media\/11762"}],"wp:attachment":[{"href":"https:\/\/divainers.com\/hr\/wp-json\/wp\/v2\/media?parent=11766"}],"wp:term":[{"taxonomy":"product_brand","embeddable":true,"href":"https:\/\/divainers.com\/hr\/wp-json\/wp\/v2\/product_brand?post=11766"},{"taxonomy":"product_cat","embeddable":true,"href":"https:\/\/divainers.com\/hr\/wp-json\/wp\/v2\/product_cat?post=11766"},{"taxonomy":"product_tag","embeddable":true,"href":"https:\/\/divainers.com\/hr\/wp-json\/wp\/v2\/product_tag?post=11766"}],"curies":[{"name":"wp","href":"https:\/\/api.w.org\/{rel}","templated":true}]}}