{"id":1206,"date":"2025-01-31T08:33:39","date_gmt":"2025-01-31T07:33:39","guid":{"rendered":"https:\/\/divainers.com\/producto\/divain-653\/"},"modified":"2026-03-16T16:08:28","modified_gmt":"2026-03-16T15:08:28","slug":"divain-653","status":"publish","type":"product","link":"https:\/\/divainers.com\/hr\/producto\/divain-653\/","title":{"rendered":"divain.653"},"content":{"rendered":"<p class=\"\" data-start=\"0\" data-end=\"547\">Una fragancia opulenta y envolvente que transmite una sensaci\u00f3n de sofisticaci\u00f3n y riqueza desde el primer toque. Las notas de salida, llenas de frescura con un toque de lim\u00f3n y lavanda, se entrelazan con la dulzura de la miel y la calidez del tabaco, creando una entrada elegante y reconfortante. En su coraz\u00f3n, el jazm\u00edn y la canela aportan una dimensi\u00f3n floral y especiada que es a la vez vibrante y suave, mientras que la base de tonka, vainilla y maderas preciosas se extiende de manera lujosa, dejando una estela c\u00e1lida, amaderada y sensual.<\/p>\n<p class=\"\" data-start=\"549\" data-end=\"929\">Este perfume es perfecto para quienes buscan una fragancia rica y compleja, que combine notas dulces, especiadas y amaderadas en una mezcla sofisticada. Ideal para momentos especiales o para quienes desean una fragancia con car\u00e1cter, <em data-start=\"783\" data-end=\"790\">Naxos<\/em> ofrece una sensaci\u00f3n de opulencia y distinci\u00f3n que perdura en la piel, convirti\u00e9ndola en una elecci\u00f3n de lujo que atrae todas las miradas.<\/p>\n","protected":false},"excerpt":{"rendered":"<p>Recuerda a Naxos de Xerjoff<\/p>\n","protected":false},"featured_media":3090,"comment_status":"open","ping_status":"closed","template":"","meta":[],"product_brand":[],"product_cat":[1033],"product_tag":[1410],"class_list":{"0":"post-1206","1":"product","2":"type-product","3":"status-publish","4":"has-post-thumbnail","6":"product_cat-xerjoff","7":"product_tag-uniseks","9":"first","10":"instock","11":"shipping-taxable","12":"product-type-simple"},"_links":{"self":[{"href":"https:\/\/divainers.com\/hr\/wp-json\/wp\/v2\/product\/1206","targetHints":{"allow":["GET"]}}],"collection":[{"href":"https:\/\/divainers.com\/hr\/wp-json\/wp\/v2\/product"}],"about":[{"href":"https:\/\/divainers.com\/hr\/wp-json\/wp\/v2\/types\/product"}],"replies":[{"embeddable":true,"href":"https:\/\/divainers.com\/hr\/wp-json\/wp\/v2\/comments?post=1206"}],"wp:featuredmedia":[{"embeddable":true,"href":"https:\/\/divainers.com\/hr\/wp-json\/wp\/v2\/media\/3090"}],"wp:attachment":[{"href":"https:\/\/divainers.com\/hr\/wp-json\/wp\/v2\/media?parent=1206"}],"wp:term":[{"taxonomy":"product_brand","embeddable":true,"href":"https:\/\/divainers.com\/hr\/wp-json\/wp\/v2\/product_brand?post=1206"},{"taxonomy":"product_cat","embeddable":true,"href":"https:\/\/divainers.com\/hr\/wp-json\/wp\/v2\/product_cat?post=1206"},{"taxonomy":"product_tag","embeddable":true,"href":"https:\/\/divainers.com\/hr\/wp-json\/wp\/v2\/product_tag?post=1206"}],"curies":[{"name":"wp","href":"https:\/\/api.w.org\/{rel}","templated":true}]}}