{"id":1221,"date":"2025-01-31T08:33:42","date_gmt":"2025-01-31T07:33:42","guid":{"rendered":"https:\/\/divainers.com\/producto\/divain-212\/"},"modified":"2026-04-30T15:58:45","modified_gmt":"2026-04-30T13:58:45","slug":"divain-212","status":"publish","type":"product","link":"https:\/\/divainers.com\/hr\/producto\/divain-212\/","title":{"rendered":"divain.212"},"content":{"rendered":"<p>Intenzivan i bezvremenski miris koji utjelovljuje mu\u017eevnost i snagu. Njegov po\u010detak obilje\u017een je eksplozijom biljne svje\u017eine, s notama pelina, korijandera i bosiljka, koje bude osjetila svojim \u017eivahnim karakterom. U srcu, za\u010dinski i cvjetni akord klin\u010di\u0107a, cimeta i geranija donosi dubinu i sofisticiranost. Na kraju, sna\u017ena i obavijaju\u0107a baza od ko\u017ee, hrastovog li\u0161aja, vetivera i tamjana ostavlja neizbrisiv trag, prizivaju\u0107i snagu i eleganciju. Savr\u0161en za mu\u0161karce s dominantnom osobno\u0161\u0107u koji tra\u017ee prepoznatljiv i dugotrajan miris.<\/p>\n","protected":false},"excerpt":{"rendered":"<p>Podsje\u0107a na Kouros od Yves Saint Laurent<\/p>\n","protected":false},"featured_media":15268,"comment_status":"open","ping_status":"closed","template":"","meta":[],"product_brand":[],"product_cat":[2254],"product_tag":[1346],"class_list":{"0":"post-1221","1":"product","2":"type-product","3":"status-publish","4":"has-post-thumbnail","6":"product_cat-yves-saint-laurent","7":"product_tag-men","9":"first","10":"instock","11":"shipping-taxable","12":"product-type-simple"},"_links":{"self":[{"href":"https:\/\/divainers.com\/hr\/wp-json\/wp\/v2\/product\/1221","targetHints":{"allow":["GET"]}}],"collection":[{"href":"https:\/\/divainers.com\/hr\/wp-json\/wp\/v2\/product"}],"about":[{"href":"https:\/\/divainers.com\/hr\/wp-json\/wp\/v2\/types\/product"}],"replies":[{"embeddable":true,"href":"https:\/\/divainers.com\/hr\/wp-json\/wp\/v2\/comments?post=1221"}],"wp:featuredmedia":[{"embeddable":true,"href":"https:\/\/divainers.com\/hr\/wp-json\/wp\/v2\/media\/15268"}],"wp:attachment":[{"href":"https:\/\/divainers.com\/hr\/wp-json\/wp\/v2\/media?parent=1221"}],"wp:term":[{"taxonomy":"product_brand","embeddable":true,"href":"https:\/\/divainers.com\/hr\/wp-json\/wp\/v2\/product_brand?post=1221"},{"taxonomy":"product_cat","embeddable":true,"href":"https:\/\/divainers.com\/hr\/wp-json\/wp\/v2\/product_cat?post=1221"},{"taxonomy":"product_tag","embeddable":true,"href":"https:\/\/divainers.com\/hr\/wp-json\/wp\/v2\/product_tag?post=1221"}],"curies":[{"name":"wp","href":"https:\/\/api.w.org\/{rel}","templated":true}]}}