{"id":12855,"date":"2025-01-31T08:33:28","date_gmt":"2025-01-31T07:33:28","guid":{"rendered":"https:\/\/divainers.com\/producto\/divain-426\/"},"modified":"2026-04-30T16:03:29","modified_gmt":"2026-04-30T14:03:29","slug":"divain-426","status":"publish","type":"product","link":"https:\/\/divainers.com\/hr\/producto\/divain-426\/","title":{"rendered":"divain.426"},"content":{"rendered":"<p>Magneti\u010dan i zavodljiv miris koji budi osjetila svojom rasko\u0161nom fuzijom so\u010dnog vo\u0107a i senzualnog drve\u0107a. Od prvog trenutka, vo\u0107na eksplozija pasiflore, breskve i crne ribizle ispunjava zrak egzoti\u010dnom i primamljivom slatko\u0107om. U srcu se nje\u017eni cvjetni akord isprepli\u0107e s jantarim nijansama, donose\u0107i dubinu i misterij. Na kraju, baza od mo\u0161usa, pa\u010dulija i sandalovine stvara kremasti i ovisni\u010dki trag, ostavljaju\u0107i nezaboravan dojam. Hipnoti\u010dan i zavodljiv parfem, idealan za one koji tra\u017ee intenzivnu, sofisticiranu i punu osobnosti mirisnu notu.<\/p>\n","protected":false},"excerpt":{"rendered":"<p>Podsje\u0107a na Kirke od Tiziana Terenzi<\/p>\n","protected":false},"featured_media":12850,"comment_status":"open","ping_status":"closed","template":"","meta":[],"product_brand":[],"product_cat":[4010],"product_tag":[1410],"class_list":{"0":"post-12855","1":"product","2":"type-product","3":"status-publish","4":"has-post-thumbnail","6":"product_cat-tiziana-terenzi","7":"product_tag-uniseks","9":"first","10":"instock","11":"shipping-taxable","12":"product-type-simple"},"_links":{"self":[{"href":"https:\/\/divainers.com\/hr\/wp-json\/wp\/v2\/product\/12855","targetHints":{"allow":["GET"]}}],"collection":[{"href":"https:\/\/divainers.com\/hr\/wp-json\/wp\/v2\/product"}],"about":[{"href":"https:\/\/divainers.com\/hr\/wp-json\/wp\/v2\/types\/product"}],"replies":[{"embeddable":true,"href":"https:\/\/divainers.com\/hr\/wp-json\/wp\/v2\/comments?post=12855"}],"wp:featuredmedia":[{"embeddable":true,"href":"https:\/\/divainers.com\/hr\/wp-json\/wp\/v2\/media\/12850"}],"wp:attachment":[{"href":"https:\/\/divainers.com\/hr\/wp-json\/wp\/v2\/media?parent=12855"}],"wp:term":[{"taxonomy":"product_brand","embeddable":true,"href":"https:\/\/divainers.com\/hr\/wp-json\/wp\/v2\/product_brand?post=12855"},{"taxonomy":"product_cat","embeddable":true,"href":"https:\/\/divainers.com\/hr\/wp-json\/wp\/v2\/product_cat?post=12855"},{"taxonomy":"product_tag","embeddable":true,"href":"https:\/\/divainers.com\/hr\/wp-json\/wp\/v2\/product_tag?post=12855"}],"curies":[{"name":"wp","href":"https:\/\/api.w.org\/{rel}","templated":true}]}}