{"id":13420,"date":"2025-01-31T08:33:35","date_gmt":"2025-01-31T07:33:35","guid":{"rendered":"https:\/\/divainers.com\/producto\/divain-092\/"},"modified":"2026-04-30T15:53:40","modified_gmt":"2026-04-30T13:53:40","slug":"divain-092","status":"publish","type":"product","link":"https:\/\/divainers.com\/hr\/producto\/divain-092\/","title":{"rendered":"divain.092"},"content":{"rendered":"<p>Svje\u017ei i vibrantni miris koji hvata bit mladosti i slobode. Njegov \u0161armantan po\u010detak od jabuke, crne ribizle i mandarine donosi svijetlu i osvje\u017eavaju\u0107u energiju. U srcu, kombinacija ru\u017ee, ljiljana i jasmina obavija miris u nje\u017enu i prirodnu \u017eenstvenost. U bazi, sandalovina i cedar stvaraju toplu i laganu notu, savr\u0161enu za spontanu, optimisti\u010dnu \u017eenu sa slobodnim duhom koja u\u017eiva u svakom trenutku.<\/p>\n","protected":false},"excerpt":{"rendered":"<p>Podsje\u0107a na Tommy Girl od Tommy Hilfiger<\/p>\n","protected":false},"featured_media":13413,"comment_status":"open","ping_status":"closed","template":"","meta":[],"product_brand":[],"product_cat":[4276],"product_tag":[1434],"class_list":{"0":"post-13420","1":"product","2":"type-product","3":"status-publish","4":"has-post-thumbnail","6":"product_cat-tommy-hilfiger","7":"product_tag-zene","9":"first","10":"instock","11":"shipping-taxable","12":"product-type-simple"},"_links":{"self":[{"href":"https:\/\/divainers.com\/hr\/wp-json\/wp\/v2\/product\/13420","targetHints":{"allow":["GET"]}}],"collection":[{"href":"https:\/\/divainers.com\/hr\/wp-json\/wp\/v2\/product"}],"about":[{"href":"https:\/\/divainers.com\/hr\/wp-json\/wp\/v2\/types\/product"}],"replies":[{"embeddable":true,"href":"https:\/\/divainers.com\/hr\/wp-json\/wp\/v2\/comments?post=13420"}],"wp:featuredmedia":[{"embeddable":true,"href":"https:\/\/divainers.com\/hr\/wp-json\/wp\/v2\/media\/13413"}],"wp:attachment":[{"href":"https:\/\/divainers.com\/hr\/wp-json\/wp\/v2\/media?parent=13420"}],"wp:term":[{"taxonomy":"product_brand","embeddable":true,"href":"https:\/\/divainers.com\/hr\/wp-json\/wp\/v2\/product_brand?post=13420"},{"taxonomy":"product_cat","embeddable":true,"href":"https:\/\/divainers.com\/hr\/wp-json\/wp\/v2\/product_cat?post=13420"},{"taxonomy":"product_tag","embeddable":true,"href":"https:\/\/divainers.com\/hr\/wp-json\/wp\/v2\/product_tag?post=13420"}],"curies":[{"name":"wp","href":"https:\/\/api.w.org\/{rel}","templated":true}]}}