{"id":13929,"date":"2025-01-31T08:33:35","date_gmt":"2025-01-31T07:33:35","guid":{"rendered":"https:\/\/divainers.com\/producto\/divain-061\/"},"modified":"2026-04-30T15:53:04","modified_gmt":"2026-04-30T13:53:04","slug":"divain-061","status":"publish","type":"product","link":"https:\/\/divainers.com\/hr\/producto\/divain-061\/","title":{"rendered":"divain.061"},"content":{"rendered":"<p>Meki i elegantni miris koji prenosi svje\u017einu i nje\u017enost u svakoj noti. Njegov svijetli po\u010detak od bergamota i listova ljubi\u010dice donosi citrusni i zeleni dodir, dok cvjetno srce ru\u017ee, bo\u017eura i jasmina obavija miris \u017eenstveno\u0161\u0107u i sofisticirano\u0161\u0107u. U bazi, bijeli mo\u0161us i cedar stvaraju topao i obavijaju\u0107i trag, savr\u0161en za suptilnu, elegantnu \u017eenu s prirodnim \u0161armom.<\/p>\n","protected":false},"excerpt":{"rendered":"<p>Podsje\u0107a na Tous od Tous<\/p>\n","protected":false},"featured_media":13925,"comment_status":"open","ping_status":"closed","template":"","meta":[],"product_brand":[],"product_cat":[4521],"product_tag":[1434],"class_list":{"0":"post-13929","1":"product","2":"type-product","3":"status-publish","4":"has-post-thumbnail","6":"product_cat-tous","7":"product_tag-zene","9":"first","10":"instock","11":"shipping-taxable","12":"product-type-simple"},"_links":{"self":[{"href":"https:\/\/divainers.com\/hr\/wp-json\/wp\/v2\/product\/13929","targetHints":{"allow":["GET"]}}],"collection":[{"href":"https:\/\/divainers.com\/hr\/wp-json\/wp\/v2\/product"}],"about":[{"href":"https:\/\/divainers.com\/hr\/wp-json\/wp\/v2\/types\/product"}],"replies":[{"embeddable":true,"href":"https:\/\/divainers.com\/hr\/wp-json\/wp\/v2\/comments?post=13929"}],"wp:featuredmedia":[{"embeddable":true,"href":"https:\/\/divainers.com\/hr\/wp-json\/wp\/v2\/media\/13925"}],"wp:attachment":[{"href":"https:\/\/divainers.com\/hr\/wp-json\/wp\/v2\/media?parent=13929"}],"wp:term":[{"taxonomy":"product_brand","embeddable":true,"href":"https:\/\/divainers.com\/hr\/wp-json\/wp\/v2\/product_brand?post=13929"},{"taxonomy":"product_cat","embeddable":true,"href":"https:\/\/divainers.com\/hr\/wp-json\/wp\/v2\/product_cat?post=13929"},{"taxonomy":"product_tag","embeddable":true,"href":"https:\/\/divainers.com\/hr\/wp-json\/wp\/v2\/product_tag?post=13929"}],"curies":[{"name":"wp","href":"https:\/\/api.w.org\/{rel}","templated":true}]}}