{"id":337,"date":"2025-01-31T08:31:51","date_gmt":"2025-01-31T07:31:51","guid":{"rendered":"https:\/\/divainers.com\/producto\/divain-609\/"},"modified":"2026-04-30T16:20:33","modified_gmt":"2026-04-30T14:20:33","slug":"divain-609","status":"publish","type":"product","link":"https:\/\/divainers.com\/hr\/producto\/divain-609\/","title":{"rendered":"divain.609"},"content":{"rendered":"<p>Sofistikovan\u00e1, bohat\u00e1 a hluboce \u017eensk\u00e1 v\u016fn\u011b, kter\u00e1 evokuje pocit rozkvetl\u00e9 jarn\u00ed zahrady. Od prvn\u00edho okam\u017eiku p\u0159in\u00e1\u0161\u00ed obklopuj\u00edc\u00ed kombinace t\u0159e\u0161n\u011b a broskve ovocnou sladkost, kter\u00e1 se zjem\u0148uje kv\u011btinov\u00fdmi t\u00f3ny r\u016f\u017ee a jasm\u00ednu, vytv\u00e1\u0159ej\u00edc\u00ed pocit sv\u011b\u017eesti a jemnosti. V srdci v\u016fn\u011b p\u0159id\u00e1vaj\u00ed mandlov\u00fd kv\u011bt a heliotrop jemnou a teplou kr\u00e9movost, zat\u00edmco z\u00e1klad ze santalov\u00e9ho d\u0159eva, vanilky a jantaru dod\u00e1v\u00e1 teplou a n\u00e1vykovou hloubku. Ide\u00e1ln\u00ed parf\u00e9m pro ty, kte\u0159\u00ed hledaj\u00ed kv\u011btinov\u011b-ovocnou v\u016fni s jemn\u00fdm a obklopuj\u00edc\u00edm z\u00e1kladem, perfektn\u00ed pro zvl\u00e1\u0161tn\u00ed p\u0159\u00edle\u017eitosti nebo chv\u00edle, kdy chcete zanechat stopu elegance a \u017eenskosti.<\/p>\n","protected":false},"excerpt":{"rendered":"<p>P\u0159ipom\u00edn\u00e1 Blossom Love od Amouage<\/p>\n","protected":false},"featured_media":15916,"comment_status":"open","ping_status":"closed","template":"","meta":[],"product_brand":[],"product_cat":[1559],"product_tag":[1452],"class_list":{"0":"post-337","1":"product","2":"type-product","3":"status-publish","4":"has-post-thumbnail","6":"product_cat-amouage","7":"product_tag-sievietes","9":"first","10":"instock","11":"shipping-taxable","12":"product-type-simple"},"_links":{"self":[{"href":"https:\/\/divainers.com\/hr\/wp-json\/wp\/v2\/product\/337","targetHints":{"allow":["GET"]}}],"collection":[{"href":"https:\/\/divainers.com\/hr\/wp-json\/wp\/v2\/product"}],"about":[{"href":"https:\/\/divainers.com\/hr\/wp-json\/wp\/v2\/types\/product"}],"replies":[{"embeddable":true,"href":"https:\/\/divainers.com\/hr\/wp-json\/wp\/v2\/comments?post=337"}],"wp:featuredmedia":[{"embeddable":true,"href":"https:\/\/divainers.com\/hr\/wp-json\/wp\/v2\/media\/15916"}],"wp:attachment":[{"href":"https:\/\/divainers.com\/hr\/wp-json\/wp\/v2\/media?parent=337"}],"wp:term":[{"taxonomy":"product_brand","embeddable":true,"href":"https:\/\/divainers.com\/hr\/wp-json\/wp\/v2\/product_brand?post=337"},{"taxonomy":"product_cat","embeddable":true,"href":"https:\/\/divainers.com\/hr\/wp-json\/wp\/v2\/product_cat?post=337"},{"taxonomy":"product_tag","embeddable":true,"href":"https:\/\/divainers.com\/hr\/wp-json\/wp\/v2\/product_tag?post=337"}],"curies":[{"name":"wp","href":"https:\/\/api.w.org\/{rel}","templated":true}]}}