{"id":348,"date":"2025-01-31T08:31:52","date_gmt":"2025-01-31T07:31:52","guid":{"rendered":"https:\/\/divainers.com\/producto\/divain-263\/"},"modified":"2026-04-30T16:20:50","modified_gmt":"2026-04-30T14:20:50","slug":"divain-263","status":"publish","type":"product","link":"https:\/\/divainers.com\/hr\/producto\/divain-263\/","title":{"rendered":"divain.263"},"content":{"rendered":"<p>Klasick\u00e1 a sofistikovan\u00e1 v\u016fn\u011b, kter\u00e1 vyza\u0159uje odv\u00e1\u017enou a charismatickou mu\u017enost. \u00davod je sv\u011b\u017e\u00ed a energick\u00fd s t\u00f3ny an\u00fdzu, levandule a citronu, kter\u00e9 nab\u00edzej\u00ed citrusov\u00fd a aromatick\u00fd z\u00e1\u017eitek. V srdci se nach\u00e1zej\u00ed ko\u0159en\u011bn\u00e9 t\u00f3ny koriandru a jasm\u00ednu, kter\u00e9 dod\u00e1vaj\u00ed v\u016fni hloubku a komplexnost. Z\u00e1klad tvo\u0159\u00ed tepl\u00e9 d\u0159evit\u00e9 t\u00f3ny vetiveru, santalov\u00e9ho d\u0159eva a pa\u010duli spolu s n\u00e1dechem dubov\u00e9ho mechu, co\u017e vytv\u00e1\u0159\u00ed silnou a elegantn\u00ed stopu. Tato v\u016fn\u011b je ide\u00e1ln\u00ed pro sebev\u011bdom\u00e9ho a elegantn\u00edho mu\u017ee, kter\u00fd hled\u00e1 nad\u010dasovou a v\u00fdraznou esenci.<\/p>\n","protected":false},"excerpt":{"rendered":"<p>P\u0159ipom\u00edn\u00e1 Azzaro od Azzaro<\/p>\n","protected":false},"featured_media":15922,"comment_status":"open","ping_status":"closed","template":"","meta":[],"product_brand":[],"product_cat":[1689],"product_tag":[1357],"class_list":{"0":"post-348","1":"product","2":"type-product","3":"status-publish","4":"has-post-thumbnail","6":"product_cat-azzaro","7":"product_tag-1357","9":"first","10":"instock","11":"shipping-taxable","12":"product-type-simple"},"_links":{"self":[{"href":"https:\/\/divainers.com\/hr\/wp-json\/wp\/v2\/product\/348","targetHints":{"allow":["GET"]}}],"collection":[{"href":"https:\/\/divainers.com\/hr\/wp-json\/wp\/v2\/product"}],"about":[{"href":"https:\/\/divainers.com\/hr\/wp-json\/wp\/v2\/types\/product"}],"replies":[{"embeddable":true,"href":"https:\/\/divainers.com\/hr\/wp-json\/wp\/v2\/comments?post=348"}],"wp:featuredmedia":[{"embeddable":true,"href":"https:\/\/divainers.com\/hr\/wp-json\/wp\/v2\/media\/15922"}],"wp:attachment":[{"href":"https:\/\/divainers.com\/hr\/wp-json\/wp\/v2\/media?parent=348"}],"wp:term":[{"taxonomy":"product_brand","embeddable":true,"href":"https:\/\/divainers.com\/hr\/wp-json\/wp\/v2\/product_brand?post=348"},{"taxonomy":"product_cat","embeddable":true,"href":"https:\/\/divainers.com\/hr\/wp-json\/wp\/v2\/product_cat?post=348"},{"taxonomy":"product_tag","embeddable":true,"href":"https:\/\/divainers.com\/hr\/wp-json\/wp\/v2\/product_tag?post=348"}],"curies":[{"name":"wp","href":"https:\/\/api.w.org\/{rel}","templated":true}]}}