{"id":366,"date":"2025-01-31T08:31:54","date_gmt":"2025-01-31T07:31:54","guid":{"rendered":"https:\/\/divainers.com\/producto\/divain-837\/"},"modified":"2026-04-30T16:21:01","modified_gmt":"2026-04-30T14:21:01","slug":"divain-837","status":"publish","type":"product","link":"https:\/\/divainers.com\/hr\/producto\/divain-837\/","title":{"rendered":"divain.837"},"content":{"rendered":"<p>V\u016fn\u011b, kter\u00e1 evokuje eleganci a s\u00edlu, s obklopuj\u00edc\u00ed sm\u011bs\u00ed kr\u00e9mov\u00e9 vanilky a sv\u011b\u017e\u00ed levandule, vytv\u00e1\u0159ej\u00edc\u00ed jemn\u00fd, ale sofistikovan\u00fd \u00favod. V srdci se rozv\u00edjej\u00ed sladk\u00e9 a tepl\u00e9 t\u00f3ny, zat\u00edmco d\u0159evit\u00fd z\u00e1klad p\u0159in\u00e1\u0161\u00ed jemnou a rafinovanou hloubku. Dokonal\u00e1 kombinace sladkosti a sv\u011b\u017eesti, kter\u00e1 zanech\u00e1v\u00e1 dlouhotrvaj\u00edc\u00ed a \u017eenskou stopu. Ide\u00e1ln\u00ed pro ty, kte\u0159\u00ed hledaj\u00ed v\u016fni vyza\u0159uj\u00edc\u00ed sebev\u011bdom\u00ed a sofistikovanost p\u0159i ka\u017ed\u00e9m pou\u017eit\u00ed.<\/p>\n","protected":false},"excerpt":{"rendered":"<p>P\u0159ipom\u00edn\u00e1 Goddes od Burberry<\/p>\n","protected":false},"featured_media":15930,"comment_status":"open","ping_status":"closed","template":"","meta":[],"product_brand":[],"product_cat":[1917],"product_tag":[1430],"class_list":{"0":"post-366","1":"product","2":"type-product","3":"status-publish","4":"has-post-thumbnail","6":"product_cat-burberry","7":"product_tag-zeny","9":"first","10":"instock","11":"shipping-taxable","12":"product-type-simple"},"_links":{"self":[{"href":"https:\/\/divainers.com\/hr\/wp-json\/wp\/v2\/product\/366","targetHints":{"allow":["GET"]}}],"collection":[{"href":"https:\/\/divainers.com\/hr\/wp-json\/wp\/v2\/product"}],"about":[{"href":"https:\/\/divainers.com\/hr\/wp-json\/wp\/v2\/types\/product"}],"replies":[{"embeddable":true,"href":"https:\/\/divainers.com\/hr\/wp-json\/wp\/v2\/comments?post=366"}],"wp:featuredmedia":[{"embeddable":true,"href":"https:\/\/divainers.com\/hr\/wp-json\/wp\/v2\/media\/15930"}],"wp:attachment":[{"href":"https:\/\/divainers.com\/hr\/wp-json\/wp\/v2\/media?parent=366"}],"wp:term":[{"taxonomy":"product_brand","embeddable":true,"href":"https:\/\/divainers.com\/hr\/wp-json\/wp\/v2\/product_brand?post=366"},{"taxonomy":"product_cat","embeddable":true,"href":"https:\/\/divainers.com\/hr\/wp-json\/wp\/v2\/product_cat?post=366"},{"taxonomy":"product_tag","embeddable":true,"href":"https:\/\/divainers.com\/hr\/wp-json\/wp\/v2\/product_tag?post=366"}],"curies":[{"name":"wp","href":"https:\/\/api.w.org\/{rel}","templated":true}]}}