{"id":371,"date":"2025-01-31T08:31:55","date_gmt":"2025-01-31T07:31:55","guid":{"rendered":"https:\/\/divainers.com\/producto\/divain-215\/"},"modified":"2026-04-30T16:21:10","modified_gmt":"2026-04-30T14:21:10","slug":"divain-215","status":"publish","type":"product","link":"https:\/\/divainers.com\/hr\/producto\/divain-215\/","title":{"rendered":"divain.215"},"content":{"rendered":"<p>\u010cerstv\u00e1 a vodn\u00ed v\u016fn\u011b, kter\u00e1 evokuje klid a s\u00edlu mo\u0159e. \u00davod je osv\u011b\u017euj\u00edc\u00ed a \u017eiv\u00fd, s citrusov\u00fdmi t\u00f3ny mandarinky a pomeran\u010de, dopln\u011bn\u00fdmi n\u00e1dechem mo\u0159e, kter\u00fd p\u0159in\u00e1\u0161\u00ed pocit svobody a sv\u011b\u017eesti. V srdci se m\u00eds\u00ed b\u0159e\u010d\u0165an, zelen\u00fd \u010daj a lotosov\u00fd kv\u011bt, co\u017e vytv\u00e1\u0159\u00ed pocit \u010distoty a klidu. D\u0159evit\u00fd z\u00e1klad s n\u00e1dechy pi\u017ema a guajakov\u00e9ho d\u0159eva dod\u00e1v\u00e1 hloubku a zemit\u00e9 t\u00f3ny, kter\u00e9 vyva\u017euj\u00ed po\u010d\u00e1te\u010dn\u00ed sv\u011b\u017eest. Perfektn\u00ed pro aktivn\u00edho a elegantn\u00edho mu\u017ee, kter\u00fd hled\u00e1 lehkou a sofistikovanou v\u016fni na ka\u017ed\u00fd den.<\/p>\n","protected":false},"excerpt":{"rendered":"<p>P\u0159ipom\u00edn\u00e1 Aqua Pour Homme od Bvlgari<\/p>\n","protected":false},"featured_media":15936,"comment_status":"open","ping_status":"closed","template":"","meta":[],"product_brand":[],"product_cat":[1938],"product_tag":[1366],"class_list":{"0":"post-371","1":"product","2":"type-product","3":"status-publish","4":"has-post-thumbnail","6":"product_cat-bvlgari","7":"product_tag-vyrai","9":"first","10":"instock","11":"shipping-taxable","12":"product-type-simple"},"_links":{"self":[{"href":"https:\/\/divainers.com\/hr\/wp-json\/wp\/v2\/product\/371","targetHints":{"allow":["GET"]}}],"collection":[{"href":"https:\/\/divainers.com\/hr\/wp-json\/wp\/v2\/product"}],"about":[{"href":"https:\/\/divainers.com\/hr\/wp-json\/wp\/v2\/types\/product"}],"replies":[{"embeddable":true,"href":"https:\/\/divainers.com\/hr\/wp-json\/wp\/v2\/comments?post=371"}],"wp:featuredmedia":[{"embeddable":true,"href":"https:\/\/divainers.com\/hr\/wp-json\/wp\/v2\/media\/15936"}],"wp:attachment":[{"href":"https:\/\/divainers.com\/hr\/wp-json\/wp\/v2\/media?parent=371"}],"wp:term":[{"taxonomy":"product_brand","embeddable":true,"href":"https:\/\/divainers.com\/hr\/wp-json\/wp\/v2\/product_brand?post=371"},{"taxonomy":"product_cat","embeddable":true,"href":"https:\/\/divainers.com\/hr\/wp-json\/wp\/v2\/product_cat?post=371"},{"taxonomy":"product_tag","embeddable":true,"href":"https:\/\/divainers.com\/hr\/wp-json\/wp\/v2\/product_tag?post=371"}],"curies":[{"name":"wp","href":"https:\/\/api.w.org\/{rel}","templated":true}]}}