{"id":393,"date":"2025-01-31T08:31:57","date_gmt":"2025-01-31T07:31:57","guid":{"rendered":"https:\/\/divainers.com\/producto\/divain-916\/"},"modified":"2026-04-30T16:21:38","modified_gmt":"2026-04-30T14:21:38","slug":"divain-916","status":"publish","type":"product","link":"https:\/\/divainers.com\/hr\/producto\/divain-916\/","title":{"rendered":"divain.916"},"content":{"rendered":"<p>\u010cerstv\u00e1 a obklopuj\u00edc\u00ed v\u016fn\u011b, kter\u00e1 zachycuje klid p\u0159\u00edrody s dokonalou sm\u011bs\u00ed zelen\u00fdch a kv\u011btinov\u00fdch t\u00f3n\u016f. Od prvn\u00edho okam\u017eiku se v\u00fdbuch bambusu a zelen\u00fdch list\u016f kombinuje s citrusov\u00fdmi t\u00f3ny mandarinky a citronu, vytv\u00e1\u0159ej\u00edc\u00ed osv\u011b\u017euj\u00edc\u00ed pocit jako proch\u00e1zka tichou zahradou. Jak se v\u016fn\u011b rozv\u00edj\u00ed, kv\u011btinov\u00e9 t\u00f3ny jasm\u00ednu a lekn\u00ednu p\u0159in\u00e1\u0161ej\u00ed jemn\u00fd a vodn\u00ed n\u00e1dech, zat\u00edmco jemn\u00fd z\u00e1klad z pi\u017ema a santalov\u00e9ho d\u0159eva obaluje v\u016fni teplou a zemitou hloubkou. Tato v\u016fn\u011b je ide\u00e1ln\u00ed pro ty, kte\u0159\u00ed hledaj\u00ed z\u00e1\u017eitek spojuj\u00edc\u00ed sv\u011b\u017eest, lehkost a sofistikovanost, zanech\u00e1vaj\u00edc\u00ed stopu \u010distoty a p\u0159irozen\u00e9 elegance.<\/p>\n","protected":false},"excerpt":{"rendered":"<p>P\u0159ipom\u00edn\u00e1 Bamboo Harmony od by Kilian<\/p>\n","protected":false},"featured_media":15957,"comment_status":"open","ping_status":"closed","template":"","meta":[],"product_brand":[],"product_cat":[1953],"product_tag":[1415],"class_list":{"0":"post-393","1":"product","2":"type-product","3":"status-publish","4":"has-post-thumbnail","6":"product_cat-by-kilian","7":"product_tag-unisex","9":"first","10":"instock","11":"shipping-taxable","12":"product-type-simple"},"_links":{"self":[{"href":"https:\/\/divainers.com\/hr\/wp-json\/wp\/v2\/product\/393","targetHints":{"allow":["GET"]}}],"collection":[{"href":"https:\/\/divainers.com\/hr\/wp-json\/wp\/v2\/product"}],"about":[{"href":"https:\/\/divainers.com\/hr\/wp-json\/wp\/v2\/types\/product"}],"replies":[{"embeddable":true,"href":"https:\/\/divainers.com\/hr\/wp-json\/wp\/v2\/comments?post=393"}],"wp:featuredmedia":[{"embeddable":true,"href":"https:\/\/divainers.com\/hr\/wp-json\/wp\/v2\/media\/15957"}],"wp:attachment":[{"href":"https:\/\/divainers.com\/hr\/wp-json\/wp\/v2\/media?parent=393"}],"wp:term":[{"taxonomy":"product_brand","embeddable":true,"href":"https:\/\/divainers.com\/hr\/wp-json\/wp\/v2\/product_brand?post=393"},{"taxonomy":"product_cat","embeddable":true,"href":"https:\/\/divainers.com\/hr\/wp-json\/wp\/v2\/product_cat?post=393"},{"taxonomy":"product_tag","embeddable":true,"href":"https:\/\/divainers.com\/hr\/wp-json\/wp\/v2\/product_tag?post=393"}],"curies":[{"name":"wp","href":"https:\/\/api.w.org\/{rel}","templated":true}]}}