{"id":438,"date":"2025-01-31T08:32:02","date_gmt":"2025-01-31T07:32:02","guid":{"rendered":"https:\/\/divainers.com\/producto\/divain-102\/"},"modified":"2026-03-16T16:07:21","modified_gmt":"2026-03-16T15:07:21","slug":"divain-102","status":"publish","type":"product","link":"https:\/\/divainers.com\/hr\/producto\/divain-102\/","title":{"rendered":"divain.102"},"content":{"rendered":"<p>Un aroma moderno y vibrante que captura la esencia de la sofisticaci\u00f3n urbana. Su apertura fresca de azahar, bergamota y mandarina aporta una energ\u00eda chispeante y luminosa. En el coraz\u00f3n, la combinaci\u00f3n de gardenia, camelia y lirio de los valles envuelve la fragancia en una feminidad elegante y atemporal. En el fondo, el s\u00e1ndalo y el almizcle crean una estela c\u00e1lida y seductora, perfecta para la mujer cosmopolita, segura de s\u00ed misma y con un carisma natural que deja huella en cada paso.<\/p>\n","protected":false},"excerpt":{"rendered":"<p>Recuerda a 212 de Carolina Herrera<\/p>\n","protected":false},"featured_media":3462,"comment_status":"open","ping_status":"closed","template":"","meta":[],"product_brand":[],"product_cat":[1529],"product_tag":[1456],"class_list":{"0":"post-438","1":"product","2":"type-product","3":"status-publish","4":"has-post-thumbnail","6":"product_cat-carolina-herrera","7":"product_tag-1456","9":"first","10":"instock","11":"shipping-taxable","12":"product-type-simple"},"_links":{"self":[{"href":"https:\/\/divainers.com\/hr\/wp-json\/wp\/v2\/product\/438","targetHints":{"allow":["GET"]}}],"collection":[{"href":"https:\/\/divainers.com\/hr\/wp-json\/wp\/v2\/product"}],"about":[{"href":"https:\/\/divainers.com\/hr\/wp-json\/wp\/v2\/types\/product"}],"replies":[{"embeddable":true,"href":"https:\/\/divainers.com\/hr\/wp-json\/wp\/v2\/comments?post=438"}],"wp:featuredmedia":[{"embeddable":true,"href":"https:\/\/divainers.com\/hr\/wp-json\/wp\/v2\/media\/3462"}],"wp:attachment":[{"href":"https:\/\/divainers.com\/hr\/wp-json\/wp\/v2\/media?parent=438"}],"wp:term":[{"taxonomy":"product_brand","embeddable":true,"href":"https:\/\/divainers.com\/hr\/wp-json\/wp\/v2\/product_brand?post=438"},{"taxonomy":"product_cat","embeddable":true,"href":"https:\/\/divainers.com\/hr\/wp-json\/wp\/v2\/product_cat?post=438"},{"taxonomy":"product_tag","embeddable":true,"href":"https:\/\/divainers.com\/hr\/wp-json\/wp\/v2\/product_tag?post=438"}],"curies":[{"name":"wp","href":"https:\/\/api.w.org\/{rel}","templated":true}]}}