{"id":439,"date":"2025-01-31T08:32:04","date_gmt":"2025-01-31T07:32:04","guid":{"rendered":"https:\/\/divainers.com\/producto\/divain-107\/"},"modified":"2026-03-16T16:07:22","modified_gmt":"2026-03-16T15:07:22","slug":"divain-107","status":"publish","type":"product","link":"https:\/\/divainers.com\/hr\/producto\/divain-107\/","title":{"rendered":"divain.107"},"content":{"rendered":"<p>Un aroma elegante y refinado que representa la sofisticaci\u00f3n atemporal con un toque de distinci\u00f3n. Su apertura fresca de bergamota, flor de azahar y notas verdes aporta una luminosidad vibrante y delicada. En el coraz\u00f3n, el jazm\u00edn, el nardo y el ylang-ylang crean un bouquet floral intenso y envolvente. En el fondo, el s\u00e1ndalo, el \u00e1mbar y el vetiver dejan una estela c\u00e1lida y sensual, perfecta para la mujer cl\u00e1sica, segura de s\u00ed misma y con una elegancia innata que nunca pasa desapercibida.<\/p>\n","protected":false},"excerpt":{"rendered":"<p>Recuerda a Carolina Herrera de Carolina Herrera<\/p>\n","protected":false},"featured_media":3464,"comment_status":"open","ping_status":"closed","template":"","meta":[],"product_brand":[],"product_cat":[160],"product_tag":[1450],"class_list":{"0":"post-439","1":"product","2":"type-product","3":"status-publish","4":"has-post-thumbnail","6":"product_cat-carolina-herrera","7":"product_tag-femei","9":"first","10":"instock","11":"shipping-taxable","12":"product-type-simple"},"_links":{"self":[{"href":"https:\/\/divainers.com\/hr\/wp-json\/wp\/v2\/product\/439","targetHints":{"allow":["GET"]}}],"collection":[{"href":"https:\/\/divainers.com\/hr\/wp-json\/wp\/v2\/product"}],"about":[{"href":"https:\/\/divainers.com\/hr\/wp-json\/wp\/v2\/types\/product"}],"replies":[{"embeddable":true,"href":"https:\/\/divainers.com\/hr\/wp-json\/wp\/v2\/comments?post=439"}],"wp:featuredmedia":[{"embeddable":true,"href":"https:\/\/divainers.com\/hr\/wp-json\/wp\/v2\/media\/3464"}],"wp:attachment":[{"href":"https:\/\/divainers.com\/hr\/wp-json\/wp\/v2\/media?parent=439"}],"wp:term":[{"taxonomy":"product_brand","embeddable":true,"href":"https:\/\/divainers.com\/hr\/wp-json\/wp\/v2\/product_brand?post=439"},{"taxonomy":"product_cat","embeddable":true,"href":"https:\/\/divainers.com\/hr\/wp-json\/wp\/v2\/product_cat?post=439"},{"taxonomy":"product_tag","embeddable":true,"href":"https:\/\/divainers.com\/hr\/wp-json\/wp\/v2\/product_tag?post=439"}],"curies":[{"name":"wp","href":"https:\/\/api.w.org\/{rel}","templated":true}]}}