{"id":6966,"date":"2025-01-31T08:31:48","date_gmt":"2025-01-31T07:31:48","guid":{"rendered":"https:\/\/divainers.com\/producto\/divain-205\/"},"modified":"2026-03-26T14:15:48","modified_gmt":"2026-03-26T13:15:48","slug":"divain-205","status":"publish","type":"product","link":"https:\/\/divainers.com\/hr\/producto\/divain-205\/","title":{"rendered":"divain.205"},"content":{"rendered":"<p><span data-sheets-root=\"1\">\u017divahan i magneti\u010dan miris koji odi\u0161e samopouzdanjem i mlado\u0161\u0107u u svakoj noti. Njegov svje\u017ei i poticajni uvod mije\u0161a limun, naran\u010du i kardamom, stvaraju\u0107i citrusnu eksploziju punu energije. U srcu, lavanda i ru\u017emarin donose \u010dist i mu\u017eevan aromati\u010dni dodir, dok drvenasta baza mo\u0161usa, vetivera i hrastovog mahovine dodaje dubinu i senzualnost. Savr\u0161eno za one koji tra\u017ee svje\u017e, odva\u017ean i zavodljiv miris, idealan za svakodnevnu upotrebu ili za ostavljanje nezaboravnog dojma.   <\/span><\/p>\n","protected":false},"excerpt":{"rendered":"<p>Sjetite se Fiercea iz Abercrombie &amp; Fitcha<\/p>\n","protected":false},"featured_media":3374,"comment_status":"open","ping_status":"closed","template":"","meta":[],"product_brand":[],"product_cat":[1312],"product_tag":[1334],"class_list":{"0":"post-6966","1":"product","2":"type-product","3":"status-publish","4":"has-post-thumbnail","6":"product_cat-abercrombie-fitch","7":"product_tag-uomo","9":"first","10":"instock","11":"shipping-taxable","12":"product-type-simple"},"_links":{"self":[{"href":"https:\/\/divainers.com\/hr\/wp-json\/wp\/v2\/product\/6966","targetHints":{"allow":["GET"]}}],"collection":[{"href":"https:\/\/divainers.com\/hr\/wp-json\/wp\/v2\/product"}],"about":[{"href":"https:\/\/divainers.com\/hr\/wp-json\/wp\/v2\/types\/product"}],"replies":[{"embeddable":true,"href":"https:\/\/divainers.com\/hr\/wp-json\/wp\/v2\/comments?post=6966"}],"wp:featuredmedia":[{"embeddable":true,"href":"https:\/\/divainers.com\/hr\/wp-json\/wp\/v2\/media\/3374"}],"wp:attachment":[{"href":"https:\/\/divainers.com\/hr\/wp-json\/wp\/v2\/media?parent=6966"}],"wp:term":[{"taxonomy":"product_brand","embeddable":true,"href":"https:\/\/divainers.com\/hr\/wp-json\/wp\/v2\/product_brand?post=6966"},{"taxonomy":"product_cat","embeddable":true,"href":"https:\/\/divainers.com\/hr\/wp-json\/wp\/v2\/product_cat?post=6966"},{"taxonomy":"product_tag","embeddable":true,"href":"https:\/\/divainers.com\/hr\/wp-json\/wp\/v2\/product_tag?post=6966"}],"curies":[{"name":"wp","href":"https:\/\/api.w.org\/{rel}","templated":true}]}}