{"id":7019,"date":"2025-01-31T08:31:48","date_gmt":"2025-01-31T07:31:48","guid":{"rendered":"https:\/\/divainers.com\/producto\/divain-320\/"},"modified":"2026-04-30T16:00:48","modified_gmt":"2026-04-30T14:00:48","slug":"divain-320","status":"publish","type":"product","link":"https:\/\/divainers.com\/hr\/producto\/divain-320\/","title":{"rendered":"divain.320"},"content":{"rendered":"<p>Vibrantna i mu\u017eevna mirisna nota s osvje\u017eavaju\u0107im i vo\u0107nim otvaranjem zahvaljuju\u0107i bergamotu i zelenoj jabuci, u kombinaciji s za\u010dinskim dodirom kardamoma. U srcu, aromati\u010dne note lavande i ru\u017emarina donose \u010dist i moderan karakter, dok baza postaje toplija i obavijaju\u0107a s jantarnom notom, tonka grahom i dubokim drvenim notama, stvaraju\u0107i uravnote\u017een miris izme\u0111u svje\u017eine i senzualnosti, idealan za svakodnevnu upotrebu.<\/p>\n","protected":false},"excerpt":{"rendered":"<p>Podsje\u0107a na First Instinct Blue od Abercrombie &#038; Fitch<\/p>\n","protected":false},"featured_media":7022,"comment_status":"open","ping_status":"closed","template":"","meta":[],"product_brand":[],"product_cat":[1312],"product_tag":[1360],"class_list":{"0":"post-7019","1":"product","2":"type-product","3":"status-publish","4":"has-post-thumbnail","6":"product_cat-abercrombie-fitch","7":"product_tag-muskarci","9":"first","10":"instock","11":"shipping-taxable","12":"product-type-simple"},"_links":{"self":[{"href":"https:\/\/divainers.com\/hr\/wp-json\/wp\/v2\/product\/7019","targetHints":{"allow":["GET"]}}],"collection":[{"href":"https:\/\/divainers.com\/hr\/wp-json\/wp\/v2\/product"}],"about":[{"href":"https:\/\/divainers.com\/hr\/wp-json\/wp\/v2\/types\/product"}],"replies":[{"embeddable":true,"href":"https:\/\/divainers.com\/hr\/wp-json\/wp\/v2\/comments?post=7019"}],"wp:featuredmedia":[{"embeddable":true,"href":"https:\/\/divainers.com\/hr\/wp-json\/wp\/v2\/media\/7022"}],"wp:attachment":[{"href":"https:\/\/divainers.com\/hr\/wp-json\/wp\/v2\/media?parent=7019"}],"wp:term":[{"taxonomy":"product_brand","embeddable":true,"href":"https:\/\/divainers.com\/hr\/wp-json\/wp\/v2\/product_brand?post=7019"},{"taxonomy":"product_cat","embeddable":true,"href":"https:\/\/divainers.com\/hr\/wp-json\/wp\/v2\/product_cat?post=7019"},{"taxonomy":"product_tag","embeddable":true,"href":"https:\/\/divainers.com\/hr\/wp-json\/wp\/v2\/product_tag?post=7019"}],"curies":[{"name":"wp","href":"https:\/\/api.w.org\/{rel}","templated":true}]}}