{"id":7087,"date":"2025-01-31T08:31:49","date_gmt":"2025-01-31T07:31:49","guid":{"rendered":"https:\/\/divainers.com\/producto\/divain-281\/"},"modified":"2026-04-30T15:59:59","modified_gmt":"2026-04-30T13:59:59","slug":"divain-281","status":"publish","type":"product","link":"https:\/\/divainers.com\/hr\/producto\/divain-281\/","title":{"rendered":"divain.281"},"content":{"rendered":"<p>Duboka i sofisticirana mirisna nota koja se isti\u010de intenzivnim prisustvom ouda, dragocjene smole poznate po toplom, zemljanom i drvenastom mirisu. Miris se otvara svje\u017eim i za\u010dinjenim notama, nadopunjenim sna\u017enim karakterom ouda, koji se isprepli\u0107e s dodirom ru\u017ee i cvijeta \u0161afrana u srcu. U bazi se nalaze note ko\u017ee, cedrovine i mo\u0161usa, daju\u0107i toplu i obavijaju\u0107u podlogu. Parfem koji priziva luksuz, eleganciju i ekskluzivnost, idealan za posebne prilike i one koji tra\u017ee prepoznatljiv i dugotrajan miris.<\/p>\n","protected":false},"excerpt":{"rendered":"<p>Podsje\u0107a na Oud od Acqua di Parma<\/p>\n","protected":false},"featured_media":7090,"comment_status":"open","ping_status":"closed","template":"","meta":[],"product_brand":[],"product_cat":[1397],"product_tag":[1360],"class_list":{"0":"post-7087","1":"product","2":"type-product","3":"status-publish","4":"has-post-thumbnail","6":"product_cat-acqua-di-parma","7":"product_tag-muskarci","9":"first","10":"instock","11":"shipping-taxable","12":"product-type-simple"},"_links":{"self":[{"href":"https:\/\/divainers.com\/hr\/wp-json\/wp\/v2\/product\/7087","targetHints":{"allow":["GET"]}}],"collection":[{"href":"https:\/\/divainers.com\/hr\/wp-json\/wp\/v2\/product"}],"about":[{"href":"https:\/\/divainers.com\/hr\/wp-json\/wp\/v2\/types\/product"}],"replies":[{"embeddable":true,"href":"https:\/\/divainers.com\/hr\/wp-json\/wp\/v2\/comments?post=7087"}],"wp:featuredmedia":[{"embeddable":true,"href":"https:\/\/divainers.com\/hr\/wp-json\/wp\/v2\/media\/7090"}],"wp:attachment":[{"href":"https:\/\/divainers.com\/hr\/wp-json\/wp\/v2\/media?parent=7087"}],"wp:term":[{"taxonomy":"product_brand","embeddable":true,"href":"https:\/\/divainers.com\/hr\/wp-json\/wp\/v2\/product_brand?post=7087"},{"taxonomy":"product_cat","embeddable":true,"href":"https:\/\/divainers.com\/hr\/wp-json\/wp\/v2\/product_cat?post=7087"},{"taxonomy":"product_tag","embeddable":true,"href":"https:\/\/divainers.com\/hr\/wp-json\/wp\/v2\/product_tag?post=7087"}],"curies":[{"name":"wp","href":"https:\/\/api.w.org\/{rel}","templated":true}]}}