{"id":7111,"date":"2025-01-31T08:31:49","date_gmt":"2025-01-31T07:31:49","guid":{"rendered":"https:\/\/divainers.com\/producto\/divain-770\/"},"modified":"2026-04-30T16:13:27","modified_gmt":"2026-04-30T14:13:27","slug":"divain-770","status":"publish","type":"product","link":"https:\/\/divainers.com\/hr\/producto\/divain-770\/","title":{"rendered":"divain.770"},"content":{"rendered":"<p>Ovaj uniseks miris otvara se kombinacijom citrusnih i za\u010dinskih nota, gdje bergamot iz Kalabrije i \u017euta mandarina donose svje\u017einu, dok ru\u017ei\u010dasti papar dodaje suptilan i intrigantan dodir. U srcu se isprepli\u0107u cvijet tre\u0161nje i jasmin sambac, prizivaju\u0107i spokoj i ljepotu japanskih cvjetnih vrtova. Bazna nota mo\u0161usa pru\u017ea toplu i senzualnu meko\u0107u, produ\u017euju\u0107i mirisni do\u017eivljaj na ko\u017ei. Ovaj miris hvata bit japanske prolje\u0107a, pru\u017eaju\u0107i osje\u0107aj svje\u017eine i elegancije pri svakoj primjeni.<\/p>\n","protected":false},"excerpt":{"rendered":"<p>Podsje\u0107a na Sakura EDP od Acqua di Parma<\/p>\n","protected":false},"featured_media":7113,"comment_status":"open","ping_status":"closed","template":"","meta":[],"product_brand":[],"product_cat":[1397],"product_tag":[1410],"class_list":{"0":"post-7111","1":"product","2":"type-product","3":"status-publish","4":"has-post-thumbnail","6":"product_cat-acqua-di-parma","7":"product_tag-uniseks","9":"first","10":"instock","11":"shipping-taxable","12":"product-type-simple"},"_links":{"self":[{"href":"https:\/\/divainers.com\/hr\/wp-json\/wp\/v2\/product\/7111","targetHints":{"allow":["GET"]}}],"collection":[{"href":"https:\/\/divainers.com\/hr\/wp-json\/wp\/v2\/product"}],"about":[{"href":"https:\/\/divainers.com\/hr\/wp-json\/wp\/v2\/types\/product"}],"replies":[{"embeddable":true,"href":"https:\/\/divainers.com\/hr\/wp-json\/wp\/v2\/comments?post=7111"}],"wp:featuredmedia":[{"embeddable":true,"href":"https:\/\/divainers.com\/hr\/wp-json\/wp\/v2\/media\/7113"}],"wp:attachment":[{"href":"https:\/\/divainers.com\/hr\/wp-json\/wp\/v2\/media?parent=7111"}],"wp:term":[{"taxonomy":"product_brand","embeddable":true,"href":"https:\/\/divainers.com\/hr\/wp-json\/wp\/v2\/product_brand?post=7111"},{"taxonomy":"product_cat","embeddable":true,"href":"https:\/\/divainers.com\/hr\/wp-json\/wp\/v2\/product_cat?post=7111"},{"taxonomy":"product_tag","embeddable":true,"href":"https:\/\/divainers.com\/hr\/wp-json\/wp\/v2\/product_tag?post=7111"}],"curies":[{"name":"wp","href":"https:\/\/api.w.org\/{rel}","templated":true}]}}