{"id":7218,"date":"2025-01-31T08:31:48","date_gmt":"2025-01-31T07:31:48","guid":{"rendered":"https:\/\/divainers.com\/producto\/divain-276\/"},"modified":"2026-04-30T15:59:55","modified_gmt":"2026-04-30T13:59:55","slug":"divain-276","status":"publish","type":"product","link":"https:\/\/divainers.com\/hr\/producto\/divain-276\/","title":{"rendered":"divain.276"},"content":{"rendered":"<p>Klasi\u010dan i profinjen miris koji se isti\u010de svojom svje\u017einom i bezvremenom elegancijom. S citrusnom i svje\u017eom bazom, gornje note uklju\u010duju limun, naran\u010du i bergamot, pru\u017eaju\u0107i osvje\u017eavaju\u0107i dojam. U srcu se nalaze cvjetni mirisi poput lavande, jasmina i ru\u017ee, \u0161to mu daje sofisticirani dodir. Drvenasta baza s notama vetivera, sandalovine i pa\u010dulija pru\u017ea dubinu i dugotrajnost. Idealno za mu\u0161karca koji cijeni svje\u017ee mirise s suptilnom slo\u017eeno\u0161\u0107u koja traje tijekom cijelog dana.<\/p>\n","protected":false},"excerpt":{"rendered":"<p>Podsje\u0107a na Acqua Di Parma od Acqua di Parma<\/p>\n","protected":false},"featured_media":7221,"comment_status":"open","ping_status":"closed","template":"","meta":[],"product_brand":[],"product_cat":[1411],"product_tag":[1404],"class_list":{"0":"post-7218","1":"product","2":"type-product","3":"status-publish","4":"has-post-thumbnail","6":"product_cat-acqua-di-parma","7":"product_tag-unisex","9":"first","10":"instock","11":"shipping-taxable","12":"product-type-simple"},"_links":{"self":[{"href":"https:\/\/divainers.com\/hr\/wp-json\/wp\/v2\/product\/7218","targetHints":{"allow":["GET"]}}],"collection":[{"href":"https:\/\/divainers.com\/hr\/wp-json\/wp\/v2\/product"}],"about":[{"href":"https:\/\/divainers.com\/hr\/wp-json\/wp\/v2\/types\/product"}],"replies":[{"embeddable":true,"href":"https:\/\/divainers.com\/hr\/wp-json\/wp\/v2\/comments?post=7218"}],"wp:featuredmedia":[{"embeddable":true,"href":"https:\/\/divainers.com\/hr\/wp-json\/wp\/v2\/media\/7221"}],"wp:attachment":[{"href":"https:\/\/divainers.com\/hr\/wp-json\/wp\/v2\/media?parent=7218"}],"wp:term":[{"taxonomy":"product_brand","embeddable":true,"href":"https:\/\/divainers.com\/hr\/wp-json\/wp\/v2\/product_brand?post=7218"},{"taxonomy":"product_cat","embeddable":true,"href":"https:\/\/divainers.com\/hr\/wp-json\/wp\/v2\/product_cat?post=7218"},{"taxonomy":"product_tag","embeddable":true,"href":"https:\/\/divainers.com\/hr\/wp-json\/wp\/v2\/product_tag?post=7218"}],"curies":[{"name":"wp","href":"https:\/\/api.w.org\/{rel}","templated":true}]}}