{"id":7232,"date":"2025-01-31T08:31:49","date_gmt":"2025-01-31T07:31:49","guid":{"rendered":"https:\/\/divainers.com\/producto\/divain-443\/"},"modified":"2026-04-30T16:04:32","modified_gmt":"2026-04-30T14:04:32","slug":"divain-443","status":"publish","type":"product","link":"https:\/\/divainers.com\/hr\/producto\/divain-443\/","title":{"rendered":"divain.443"},"content":{"rendered":"<p>Svje\u017ei i svijetli miris koji vas odvodi na mediteranski povjetarac, gdje sunce miluje ko\u017eu, a more \u0161apu\u0107e na horizontu. Od prvog trena, vitalnost mira i \u017eivost talijanskih citrusa budi osjetila s blistavom energijom. U srcu, borovica i cvjetni tonovi dodaju aromati\u010dan i profinjen dodir, prizivaju\u0107i prirodu u svom punom sjaju. Na kraju, jantarno-mu\u0161katna baza ostavlja nje\u017ean, obavijaju\u0107i i elegantan trag. Osvje\u017eavaju\u0107i i sofisticirani parfem, idealan za one koji tra\u017ee svje\u017einu, spokoj i mediteranski duh bijega.<\/p>\n","protected":false},"excerpt":{"rendered":"<p>Podsje\u0107a na Blue Mediterraneo Mirto di Panarea od Acqua Di Parma<\/p>\n","protected":false},"featured_media":7235,"comment_status":"open","ping_status":"closed","template":"","meta":[],"product_brand":[],"product_cat":[1397],"product_tag":[1410],"class_list":{"0":"post-7232","1":"product","2":"type-product","3":"status-publish","4":"has-post-thumbnail","6":"product_cat-acqua-di-parma","7":"product_tag-uniseks","9":"first","10":"instock","11":"shipping-taxable","12":"product-type-simple"},"_links":{"self":[{"href":"https:\/\/divainers.com\/hr\/wp-json\/wp\/v2\/product\/7232","targetHints":{"allow":["GET"]}}],"collection":[{"href":"https:\/\/divainers.com\/hr\/wp-json\/wp\/v2\/product"}],"about":[{"href":"https:\/\/divainers.com\/hr\/wp-json\/wp\/v2\/types\/product"}],"replies":[{"embeddable":true,"href":"https:\/\/divainers.com\/hr\/wp-json\/wp\/v2\/comments?post=7232"}],"wp:featuredmedia":[{"embeddable":true,"href":"https:\/\/divainers.com\/hr\/wp-json\/wp\/v2\/media\/7235"}],"wp:attachment":[{"href":"https:\/\/divainers.com\/hr\/wp-json\/wp\/v2\/media?parent=7232"}],"wp:term":[{"taxonomy":"product_brand","embeddable":true,"href":"https:\/\/divainers.com\/hr\/wp-json\/wp\/v2\/product_brand?post=7232"},{"taxonomy":"product_cat","embeddable":true,"href":"https:\/\/divainers.com\/hr\/wp-json\/wp\/v2\/product_cat?post=7232"},{"taxonomy":"product_tag","embeddable":true,"href":"https:\/\/divainers.com\/hr\/wp-json\/wp\/v2\/product_tag?post=7232"}],"curies":[{"name":"wp","href":"https:\/\/api.w.org\/{rel}","templated":true}]}}