{"id":7284,"date":"2025-01-31T08:31:50","date_gmt":"2025-01-31T07:31:50","guid":{"rendered":"https:\/\/divainers.com\/producto\/divain-086\/"},"modified":"2026-04-30T15:53:33","modified_gmt":"2026-04-30T13:53:33","slug":"divain-086","status":"publish","type":"product","link":"https:\/\/divainers.com\/hr\/producto\/divain-086\/","title":{"rendered":"divain.086"},"content":{"rendered":"<p>Delikatan i bezvremen miris koji hvata svje\u017einu i prirodnu eleganciju ru\u017ea u svom punom izrazu. Njegov svijetli po\u010detak s citrusima i zelenim listovima donosi osvje\u017eavaju\u0107i i lagani osje\u0107aj. U srcu, bugarska ru\u017ea i ljiljan doline obavijaju miris \u010distom i sofisticiranom \u017eenstveno\u0161\u0107u. U bazi, mo\u0161us i sandalovina stvaraju nje\u017ean i obavijaju\u0107i trag, savr\u0161en za romanti\u010dnu, smirenu \u017eenu s prirodnim \u0161armom koji ostavlja dojam.<\/p>\n","protected":false},"excerpt":{"rendered":"<p>Podsje\u0107a na Agua fresca de rosas od Adolfo Dominguez<\/p>\n","protected":false},"featured_media":7286,"comment_status":"open","ping_status":"closed","template":"","meta":[],"product_brand":[],"product_cat":[1433],"product_tag":[1434],"class_list":{"0":"post-7284","1":"product","2":"type-product","3":"status-publish","4":"has-post-thumbnail","6":"product_cat-adolfo-dominguez","7":"product_tag-zene","9":"first","10":"instock","11":"shipping-taxable","12":"product-type-simple"},"_links":{"self":[{"href":"https:\/\/divainers.com\/hr\/wp-json\/wp\/v2\/product\/7284","targetHints":{"allow":["GET"]}}],"collection":[{"href":"https:\/\/divainers.com\/hr\/wp-json\/wp\/v2\/product"}],"about":[{"href":"https:\/\/divainers.com\/hr\/wp-json\/wp\/v2\/types\/product"}],"replies":[{"embeddable":true,"href":"https:\/\/divainers.com\/hr\/wp-json\/wp\/v2\/comments?post=7284"}],"wp:featuredmedia":[{"embeddable":true,"href":"https:\/\/divainers.com\/hr\/wp-json\/wp\/v2\/media\/7286"}],"wp:attachment":[{"href":"https:\/\/divainers.com\/hr\/wp-json\/wp\/v2\/media?parent=7284"}],"wp:term":[{"taxonomy":"product_brand","embeddable":true,"href":"https:\/\/divainers.com\/hr\/wp-json\/wp\/v2\/product_brand?post=7284"},{"taxonomy":"product_cat","embeddable":true,"href":"https:\/\/divainers.com\/hr\/wp-json\/wp\/v2\/product_cat?post=7284"},{"taxonomy":"product_tag","embeddable":true,"href":"https:\/\/divainers.com\/hr\/wp-json\/wp\/v2\/product_tag?post=7284"}],"curies":[{"name":"wp","href":"https:\/\/api.w.org\/{rel}","templated":true}]}}