{"id":7300,"date":"2025-01-31T08:31:50","date_gmt":"2025-01-31T07:31:50","guid":{"rendered":"https:\/\/divainers.com\/producto\/divain-049\/"},"modified":"2026-04-30T15:52:55","modified_gmt":"2026-04-30T13:52:55","slug":"divain-049","status":"publish","type":"product","link":"https:\/\/divainers.com\/hr\/producto\/divain-049\/","title":{"rendered":"divain.049"},"content":{"rendered":"<p>Svje\u017ei i prirodni miris koji priziva spokoj i ravnote\u017eu prirode. Njegov vibrantni po\u010detak s citrusima i zelenim notama pru\u017ea lagan i osvje\u017eavaju\u0107i osje\u0107aj, dok aromati\u010dno srce od bambusa i blagih za\u010dina donosi egzoti\u010dan i sofisticiran dodir. U bazi, cedar, jantar i mo\u0161us stvaraju toplu i obavijaju\u0107u stazu, savr\u0161enu za mu\u0161karca koji tra\u017ei svje\u017einu, eleganciju i harmoniju u svakodnevnom \u017eivotu.<\/p>\n","protected":false},"excerpt":{"rendered":"<p>Podsje\u0107a na Bamb\u00fa od Adolfo Dominguez<\/p>\n","protected":false},"featured_media":7303,"comment_status":"open","ping_status":"closed","template":"","meta":[],"product_brand":[],"product_cat":[1433],"product_tag":[1360],"class_list":{"0":"post-7300","1":"product","2":"type-product","3":"status-publish","4":"has-post-thumbnail","6":"product_cat-adolfo-dominguez","7":"product_tag-muskarci","9":"first","10":"instock","11":"shipping-taxable","12":"product-type-simple"},"_links":{"self":[{"href":"https:\/\/divainers.com\/hr\/wp-json\/wp\/v2\/product\/7300","targetHints":{"allow":["GET"]}}],"collection":[{"href":"https:\/\/divainers.com\/hr\/wp-json\/wp\/v2\/product"}],"about":[{"href":"https:\/\/divainers.com\/hr\/wp-json\/wp\/v2\/types\/product"}],"replies":[{"embeddable":true,"href":"https:\/\/divainers.com\/hr\/wp-json\/wp\/v2\/comments?post=7300"}],"wp:featuredmedia":[{"embeddable":true,"href":"https:\/\/divainers.com\/hr\/wp-json\/wp\/v2\/media\/7303"}],"wp:attachment":[{"href":"https:\/\/divainers.com\/hr\/wp-json\/wp\/v2\/media?parent=7300"}],"wp:term":[{"taxonomy":"product_brand","embeddable":true,"href":"https:\/\/divainers.com\/hr\/wp-json\/wp\/v2\/product_brand?post=7300"},{"taxonomy":"product_cat","embeddable":true,"href":"https:\/\/divainers.com\/hr\/wp-json\/wp\/v2\/product_cat?post=7300"},{"taxonomy":"product_tag","embeddable":true,"href":"https:\/\/divainers.com\/hr\/wp-json\/wp\/v2\/product_tag?post=7300"}],"curies":[{"name":"wp","href":"https:\/\/api.w.org\/{rel}","templated":true}]}}