{"id":7326,"date":"2025-01-31T08:31:50","date_gmt":"2025-01-31T07:31:50","guid":{"rendered":"https:\/\/divainers.com\/producto\/divain-031\/"},"modified":"2026-04-30T15:52:37","modified_gmt":"2026-04-30T13:52:37","slug":"divain-031","status":"publish","type":"product","link":"https:\/\/divainers.com\/hr\/producto\/divain-031\/","title":{"rendered":"divain.031"},"content":{"rendered":"<p>Prirodni i osvje\u017eavaju\u0107i miris koji priziva svje\u017einu prirode u njenom naj\u010di\u0161\u0107em obliku. Citrusni po\u010detak bergamota i mandarine spaja se s aromati\u010dnim srcem ru\u017emarina, lavande i korijandera, stvaraju\u0107i osje\u0107aj \u010disto\u0107e i energije. U bazi, hrastova mahovina, vetiver i sandalovina donose dubinu i eleganciju, ostavljaju\u0107i lagani, ali sofisticirani trag. Savr\u0161en za one koji tra\u017ee svje\u017eu, uravnote\u017eenu i bezvremensku aromu.<\/p>\n","protected":false},"excerpt":{"rendered":"<p>Podsje\u0107a na Agua Fresca od Adolfo Dominguez<\/p>\n","protected":false},"featured_media":7329,"comment_status":"open","ping_status":"closed","template":"","meta":[],"product_brand":[],"product_cat":[1433],"product_tag":[1360],"class_list":{"0":"post-7326","1":"product","2":"type-product","3":"status-publish","4":"has-post-thumbnail","6":"product_cat-adolfo-dominguez","7":"product_tag-muskarci","9":"first","10":"instock","11":"shipping-taxable","12":"product-type-simple"},"_links":{"self":[{"href":"https:\/\/divainers.com\/hr\/wp-json\/wp\/v2\/product\/7326","targetHints":{"allow":["GET"]}}],"collection":[{"href":"https:\/\/divainers.com\/hr\/wp-json\/wp\/v2\/product"}],"about":[{"href":"https:\/\/divainers.com\/hr\/wp-json\/wp\/v2\/types\/product"}],"replies":[{"embeddable":true,"href":"https:\/\/divainers.com\/hr\/wp-json\/wp\/v2\/comments?post=7326"}],"wp:featuredmedia":[{"embeddable":true,"href":"https:\/\/divainers.com\/hr\/wp-json\/wp\/v2\/media\/7329"}],"wp:attachment":[{"href":"https:\/\/divainers.com\/hr\/wp-json\/wp\/v2\/media?parent=7326"}],"wp:term":[{"taxonomy":"product_brand","embeddable":true,"href":"https:\/\/divainers.com\/hr\/wp-json\/wp\/v2\/product_brand?post=7326"},{"taxonomy":"product_cat","embeddable":true,"href":"https:\/\/divainers.com\/hr\/wp-json\/wp\/v2\/product_cat?post=7326"},{"taxonomy":"product_tag","embeddable":true,"href":"https:\/\/divainers.com\/hr\/wp-json\/wp\/v2\/product_tag?post=7326"}],"curies":[{"name":"wp","href":"https:\/\/api.w.org\/{rel}","templated":true}]}}