{"id":733,"date":"2025-01-31T08:32:39","date_gmt":"2025-01-31T07:32:39","guid":{"rendered":"https:\/\/divainers.com\/producto\/divain-458\/"},"modified":"2026-03-16T16:07:46","modified_gmt":"2026-03-16T15:07:46","slug":"divain-458","status":"publish","type":"product","link":"https:\/\/divainers.com\/hr\/producto\/divain-458\/","title":{"rendered":"divain.458"},"content":{"rendered":"<p>Un aroma fresco y sofisticado que captura la esencia del mar en su faceta m\u00e1s elegante y minimalista. Desde el primer instante, una brisa salina se mezcla con la vitalidad de los c\u00edtricos, evocando la frescura pura de las olas rompiendo en la orilla. En su coraz\u00f3n, las notas minerales y amaderadas crean un equilibrio armonioso entre lo acu\u00e1tico y lo terroso, aportando profundidad y serenidad. Finalmente, un fondo de vetiver y \u00e1mbar gris deja una estela envolvente, sofisticada y duradera. Un perfume refrescante y refinado, ideal para quienes buscan una fragancia sutil, natural y con un aire de libertad absoluta.<\/p>\n","protected":false},"excerpt":{"rendered":"<p>Recuerda a Le Sel d\u2019Issey de Issey Miyake<\/p>\n","protected":false},"featured_media":2899,"comment_status":"open","ping_status":"closed","template":"","meta":[],"product_brand":[],"product_cat":[491],"product_tag":[1363],"class_list":{"0":"post-733","1":"product","2":"type-product","3":"status-publish","4":"has-post-thumbnail","6":"product_cat-issey-miyake","7":"product_tag-mezczyzni","9":"first","10":"instock","11":"shipping-taxable","12":"product-type-simple"},"_links":{"self":[{"href":"https:\/\/divainers.com\/hr\/wp-json\/wp\/v2\/product\/733","targetHints":{"allow":["GET"]}}],"collection":[{"href":"https:\/\/divainers.com\/hr\/wp-json\/wp\/v2\/product"}],"about":[{"href":"https:\/\/divainers.com\/hr\/wp-json\/wp\/v2\/types\/product"}],"replies":[{"embeddable":true,"href":"https:\/\/divainers.com\/hr\/wp-json\/wp\/v2\/comments?post=733"}],"wp:featuredmedia":[{"embeddable":true,"href":"https:\/\/divainers.com\/hr\/wp-json\/wp\/v2\/media\/2899"}],"wp:attachment":[{"href":"https:\/\/divainers.com\/hr\/wp-json\/wp\/v2\/media?parent=733"}],"wp:term":[{"taxonomy":"product_brand","embeddable":true,"href":"https:\/\/divainers.com\/hr\/wp-json\/wp\/v2\/product_brand?post=733"},{"taxonomy":"product_cat","embeddable":true,"href":"https:\/\/divainers.com\/hr\/wp-json\/wp\/v2\/product_cat?post=733"},{"taxonomy":"product_tag","embeddable":true,"href":"https:\/\/divainers.com\/hr\/wp-json\/wp\/v2\/product_tag?post=733"}],"curies":[{"name":"wp","href":"https:\/\/api.w.org\/{rel}","templated":true}]}}