{"id":752,"date":"2025-01-31T08:32:42","date_gmt":"2025-01-31T07:32:42","guid":{"rendered":"https:\/\/divainers.com\/producto\/divain-078\/"},"modified":"2026-03-16T16:07:48","modified_gmt":"2026-03-16T15:07:48","slug":"divain-078","status":"publish","type":"product","link":"https:\/\/divainers.com\/hr\/producto\/divain-078\/","title":{"rendered":"divain.078"},"content":{"rendered":"<p>Un aroma enigm\u00e1tico y encantador que envuelve los sentidos con su aura m\u00e1gica y misteriosa. Su apertura fresca de lima verde y notas marinas aporta un toque luminoso y vibrante. En el coraz\u00f3n, la violeta, el jazm\u00edn y el lirio de los valles crean un bouquet floral et\u00e9reo y envolvente. En el fondo, la vainilla, el incienso y el s\u00e1ndalo dejan una estela c\u00e1lida y sensual, perfecta para la mujer so\u00f1adora, cautivadora y con un esp\u00edritu \u00fanico e inolvidable.<\/p>\n","protected":false},"excerpt":{"rendered":"<p>Recuerda a Halloween de Halloween<\/p>\n","protected":false},"featured_media":3594,"comment_status":"open","ping_status":"closed","template":"","meta":[],"product_brand":[],"product_cat":[1083],"product_tag":[1424],"class_list":{"0":"post-752","1":"product","2":"type-product","3":"status-publish","4":"has-post-thumbnail","6":"product_cat-halloween","7":"product_tag-femmes","9":"first","10":"instock","11":"shipping-taxable","12":"product-type-simple"},"_links":{"self":[{"href":"https:\/\/divainers.com\/hr\/wp-json\/wp\/v2\/product\/752","targetHints":{"allow":["GET"]}}],"collection":[{"href":"https:\/\/divainers.com\/hr\/wp-json\/wp\/v2\/product"}],"about":[{"href":"https:\/\/divainers.com\/hr\/wp-json\/wp\/v2\/types\/product"}],"replies":[{"embeddable":true,"href":"https:\/\/divainers.com\/hr\/wp-json\/wp\/v2\/comments?post=752"}],"wp:featuredmedia":[{"embeddable":true,"href":"https:\/\/divainers.com\/hr\/wp-json\/wp\/v2\/media\/3594"}],"wp:attachment":[{"href":"https:\/\/divainers.com\/hr\/wp-json\/wp\/v2\/media?parent=752"}],"wp:term":[{"taxonomy":"product_brand","embeddable":true,"href":"https:\/\/divainers.com\/hr\/wp-json\/wp\/v2\/product_brand?post=752"},{"taxonomy":"product_cat","embeddable":true,"href":"https:\/\/divainers.com\/hr\/wp-json\/wp\/v2\/product_cat?post=752"},{"taxonomy":"product_tag","embeddable":true,"href":"https:\/\/divainers.com\/hr\/wp-json\/wp\/v2\/product_tag?post=752"}],"curies":[{"name":"wp","href":"https:\/\/api.w.org\/{rel}","templated":true}]}}