{"id":7617,"date":"2025-01-31T08:32:01","date_gmt":"2025-01-31T07:32:01","guid":{"rendered":"https:\/\/divainers.com\/producto\/divain-003\/"},"modified":"2026-04-30T15:52:09","modified_gmt":"2026-04-30T13:52:09","slug":"divain-003","status":"publish","type":"product","link":"https:\/\/divainers.com\/hr\/producto\/divain-003\/","title":{"rendered":"divain.003"},"content":{"rendered":"<p>Zamislite senzorno putovanje gdje se bezvremenska elegancija susre\u0107e s avanturom. Ovaj miris spaja toplinu ko\u017ee i vanilije s za\u010dinskim magnetizmom \u0161afrana i mu\u0161katnog ora\u0161\u010di\u0107a. Dodir svje\u017eih citrusa isprepli\u0107e se s srcem od plemenitog drva i zavodljivom bazom od jantara i vetivera, stvaraju\u0107i sofisticirani, mu\u017eevni i zavodljivi miris. Savr\u0161en za one koji tra\u017ee distinkciju i karakter u svakom mirisnom sloju.<\/p>\n","protected":false},"excerpt":{"rendered":"<p>Podsje\u0107a na CH Men od Carolina Herrera<\/p>\n","protected":false},"featured_media":7616,"comment_status":"open","ping_status":"closed","template":"","meta":[],"product_brand":[],"product_cat":[1525],"product_tag":[1360],"class_list":{"0":"post-7617","1":"product","2":"type-product","3":"status-publish","4":"has-post-thumbnail","6":"product_cat-carolina-herrera","7":"product_tag-muskarci","9":"first","10":"instock","11":"shipping-taxable","12":"product-type-simple"},"_links":{"self":[{"href":"https:\/\/divainers.com\/hr\/wp-json\/wp\/v2\/product\/7617","targetHints":{"allow":["GET"]}}],"collection":[{"href":"https:\/\/divainers.com\/hr\/wp-json\/wp\/v2\/product"}],"about":[{"href":"https:\/\/divainers.com\/hr\/wp-json\/wp\/v2\/types\/product"}],"replies":[{"embeddable":true,"href":"https:\/\/divainers.com\/hr\/wp-json\/wp\/v2\/comments?post=7617"}],"wp:featuredmedia":[{"embeddable":true,"href":"https:\/\/divainers.com\/hr\/wp-json\/wp\/v2\/media\/7616"}],"wp:attachment":[{"href":"https:\/\/divainers.com\/hr\/wp-json\/wp\/v2\/media?parent=7617"}],"wp:term":[{"taxonomy":"product_brand","embeddable":true,"href":"https:\/\/divainers.com\/hr\/wp-json\/wp\/v2\/product_brand?post=7617"},{"taxonomy":"product_cat","embeddable":true,"href":"https:\/\/divainers.com\/hr\/wp-json\/wp\/v2\/product_cat?post=7617"},{"taxonomy":"product_tag","embeddable":true,"href":"https:\/\/divainers.com\/hr\/wp-json\/wp\/v2\/product_tag?post=7617"}],"curies":[{"name":"wp","href":"https:\/\/api.w.org\/{rel}","templated":true}]}}