{"id":7661,"date":"2025-01-31T08:32:01","date_gmt":"2025-01-31T07:32:01","guid":{"rendered":"https:\/\/divainers.com\/producto\/divain-004\/"},"modified":"2026-04-30T15:52:09","modified_gmt":"2026-04-30T13:52:09","slug":"divain-004","status":"publish","type":"product","link":"https:\/\/divainers.com\/hr\/producto\/divain-004\/","title":{"rendered":"divain.004"},"content":{"rendered":"<p>Eksplozija svje\u017eine i dinamike koja priziva vibrantnu energiju grada. Ovaj miris spaja osvje\u017eavaju\u0107e citrusne note sa za\u010dinjenim srcem papra i \u0111umbira, stvaraju\u0107i sofisticirani i moderni kontrast. Njegova drvenasta baza s dodirima mo\u0161usa i sandalovine donosi dubinu i magnetizam, ostavljaju\u0107i elegantan i zavodljiv trag. Idealno za kosmopolitskog mu\u0161karca, samouvjerenog i s prepoznatljivim stilom.<\/p>\n","protected":false},"excerpt":{"rendered":"<p>Podsje\u0107a na 212 Men od Carolina Herrera<\/p>\n","protected":false},"featured_media":7660,"comment_status":"open","ping_status":"closed","template":"","meta":[],"product_brand":[],"product_cat":[1525],"product_tag":[1360],"class_list":{"0":"post-7661","1":"product","2":"type-product","3":"status-publish","4":"has-post-thumbnail","6":"product_cat-carolina-herrera","7":"product_tag-muskarci","9":"first","10":"instock","11":"shipping-taxable","12":"product-type-simple"},"_links":{"self":[{"href":"https:\/\/divainers.com\/hr\/wp-json\/wp\/v2\/product\/7661","targetHints":{"allow":["GET"]}}],"collection":[{"href":"https:\/\/divainers.com\/hr\/wp-json\/wp\/v2\/product"}],"about":[{"href":"https:\/\/divainers.com\/hr\/wp-json\/wp\/v2\/types\/product"}],"replies":[{"embeddable":true,"href":"https:\/\/divainers.com\/hr\/wp-json\/wp\/v2\/comments?post=7661"}],"wp:featuredmedia":[{"embeddable":true,"href":"https:\/\/divainers.com\/hr\/wp-json\/wp\/v2\/media\/7660"}],"wp:attachment":[{"href":"https:\/\/divainers.com\/hr\/wp-json\/wp\/v2\/media?parent=7661"}],"wp:term":[{"taxonomy":"product_brand","embeddable":true,"href":"https:\/\/divainers.com\/hr\/wp-json\/wp\/v2\/product_brand?post=7661"},{"taxonomy":"product_cat","embeddable":true,"href":"https:\/\/divainers.com\/hr\/wp-json\/wp\/v2\/product_cat?post=7661"},{"taxonomy":"product_tag","embeddable":true,"href":"https:\/\/divainers.com\/hr\/wp-json\/wp\/v2\/product_tag?post=7661"}],"curies":[{"name":"wp","href":"https:\/\/api.w.org\/{rel}","templated":true}]}}