{"id":7830,"date":"2025-01-31T08:31:51","date_gmt":"2025-01-31T07:31:51","guid":{"rendered":"https:\/\/divainers.com\/producto\/divain-153\/"},"modified":"2026-04-30T15:57:35","modified_gmt":"2026-04-30T13:57:35","slug":"divain-153","status":"publish","type":"product","link":"https:\/\/divainers.com\/hr\/producto\/divain-153\/","title":{"rendered":"divain.153"},"content":{"rendered":"<p>Elegantna i bezvremenska aroma koja obavija osjetila svojom sofisticiranom svje\u017einom i nje\u017enom \u017eenstveno\u0161\u0107u. Citrusni po\u010detak bergamota i mandarine donosi svijetao i \u017eivahan dojam. U srcu, profinjeni buket frezije, ljiljana doline i jasmina otkriva \u010distu i suptilno zavodljivu cvjetnu esenciju. U bazi, bijeli mo\u0161us, jantar i sandalovina stvaraju nje\u017ean, topao i obavijaju\u0107i trag, savr\u0161en za sofisticiranu, prirodnu \u017eenu s diskretnim, ali nezaboravnim \u0161armom.<\/p>\n","protected":false},"excerpt":{"rendered":"<p>Podsje\u0107a na Angel Schlesser Femme od Angel Schlesser<\/p>\n","protected":false},"featured_media":7828,"comment_status":"open","ping_status":"closed","template":"","meta":[],"product_brand":[],"product_cat":[1572],"product_tag":[1434],"class_list":{"0":"post-7830","1":"product","2":"type-product","3":"status-publish","4":"has-post-thumbnail","6":"product_cat-angel-schlesser","7":"product_tag-zene","9":"first","10":"instock","11":"shipping-taxable","12":"product-type-simple"},"_links":{"self":[{"href":"https:\/\/divainers.com\/hr\/wp-json\/wp\/v2\/product\/7830","targetHints":{"allow":["GET"]}}],"collection":[{"href":"https:\/\/divainers.com\/hr\/wp-json\/wp\/v2\/product"}],"about":[{"href":"https:\/\/divainers.com\/hr\/wp-json\/wp\/v2\/types\/product"}],"replies":[{"embeddable":true,"href":"https:\/\/divainers.com\/hr\/wp-json\/wp\/v2\/comments?post=7830"}],"wp:featuredmedia":[{"embeddable":true,"href":"https:\/\/divainers.com\/hr\/wp-json\/wp\/v2\/media\/7828"}],"wp:attachment":[{"href":"https:\/\/divainers.com\/hr\/wp-json\/wp\/v2\/media?parent=7830"}],"wp:term":[{"taxonomy":"product_brand","embeddable":true,"href":"https:\/\/divainers.com\/hr\/wp-json\/wp\/v2\/product_brand?post=7830"},{"taxonomy":"product_cat","embeddable":true,"href":"https:\/\/divainers.com\/hr\/wp-json\/wp\/v2\/product_cat?post=7830"},{"taxonomy":"product_tag","embeddable":true,"href":"https:\/\/divainers.com\/hr\/wp-json\/wp\/v2\/product_tag?post=7830"}],"curies":[{"name":"wp","href":"https:\/\/api.w.org\/{rel}","templated":true}]}}