{"id":7871,"date":"2025-01-31T08:31:51","date_gmt":"2025-01-31T07:31:51","guid":{"rendered":"https:\/\/divainers.com\/producto\/divain-948\/"},"modified":"2026-04-30T16:16:15","modified_gmt":"2026-04-30T14:16:15","slug":"divain-948","status":"publish","type":"product","link":"https:\/\/divainers.com\/hr\/producto\/divain-948\/","title":{"rendered":"divain.948"},"content":{"rendered":"<p>Nje\u017ean i obavijaju\u0107i miris koji priziva osje\u0107aj lako\u0107e i smirenosti, poput plutanja me\u0111u oblacima na toplom danu. Od samog po\u010detka, vo\u0107ne note lavande i kru\u0161ke donose svje\u017einu, ubla\u017eenu kremastim dodirom kokosa, koji dodaje laganu i opu\u0161taju\u0107u slatko\u0107u. Kako se miris razvija, cvjetne note jasmina i ljiljaka doline unose nje\u017enu i \u017eenstvenu eleganciju, stvaraju\u0107i eteri\u010dnu meko\u0107u koja obavija ko\u017eu. Bazne note, obilje\u017eene mo\u0161usom i karamelom, daju toplu i utje\u0161nu osnovu koja se stapa s lak\u0161im notama, ostavljaju\u0107i trag koji je i obavijaju\u0107i i opu\u0161taju\u0107i. Ovaj miris savr\u0161en je za one koji tra\u017ee nje\u017eno, slatko i smiruju\u0107e mirisno iskustvo, idealno za svakodnevnu upotrebu, prenose\u0107i osje\u0107aj mira i svje\u017eine.<\/p>\n","protected":false},"excerpt":{"rendered":"<p>Podsje\u0107a na Cloud od Ariana Grande<\/p>\n","protected":false},"featured_media":7868,"comment_status":"open","ping_status":"closed","template":"","meta":[],"product_brand":[],"product_cat":[1593],"product_tag":[1434],"class_list":{"0":"post-7871","1":"product","2":"type-product","3":"status-publish","4":"has-post-thumbnail","6":"product_cat-ariana-grande","7":"product_tag-zene","9":"first","10":"instock","11":"shipping-taxable","12":"product-type-simple"},"_links":{"self":[{"href":"https:\/\/divainers.com\/hr\/wp-json\/wp\/v2\/product\/7871","targetHints":{"allow":["GET"]}}],"collection":[{"href":"https:\/\/divainers.com\/hr\/wp-json\/wp\/v2\/product"}],"about":[{"href":"https:\/\/divainers.com\/hr\/wp-json\/wp\/v2\/types\/product"}],"replies":[{"embeddable":true,"href":"https:\/\/divainers.com\/hr\/wp-json\/wp\/v2\/comments?post=7871"}],"wp:featuredmedia":[{"embeddable":true,"href":"https:\/\/divainers.com\/hr\/wp-json\/wp\/v2\/media\/7868"}],"wp:attachment":[{"href":"https:\/\/divainers.com\/hr\/wp-json\/wp\/v2\/media?parent=7871"}],"wp:term":[{"taxonomy":"product_brand","embeddable":true,"href":"https:\/\/divainers.com\/hr\/wp-json\/wp\/v2\/product_brand?post=7871"},{"taxonomy":"product_cat","embeddable":true,"href":"https:\/\/divainers.com\/hr\/wp-json\/wp\/v2\/product_cat?post=7871"},{"taxonomy":"product_tag","embeddable":true,"href":"https:\/\/divainers.com\/hr\/wp-json\/wp\/v2\/product_tag?post=7871"}],"curies":[{"name":"wp","href":"https:\/\/api.w.org\/{rel}","templated":true}]}}