{"id":791,"date":"2025-01-31T08:32:46","date_gmt":"2025-01-31T07:32:46","guid":{"rendered":"https:\/\/divainers.com\/producto\/divain-774\/"},"modified":"2026-03-16T16:07:51","modified_gmt":"2026-03-16T15:07:51","slug":"divain-774","status":"publish","type":"product","link":"https:\/\/divainers.com\/hr\/producto\/divain-774\/","title":{"rendered":"divain.774"},"content":{"rendered":"<p>\u200b<span class=\"relative -mx-px my-[-0.2rem] rounded px-px py-[0.2rem]\">Esta fragancia se abre con una explosi\u00f3n de notas frutales, donde la manzana roja jugosa se entrelaza con la grosella negra, la toronja rosa y el lichi, creando una mezcla dulce y refrescante que despierta los sentidos.<\/span> <span class=\"relative -mx-px my-[-0.2rem] rounded px-px py-[0.2rem]\">En su coraz\u00f3n, las bayas silvestres, la flor de frambuesa, el jazm\u00edn y la rosa centifolia aportan una riqueza floral que a\u00f1ade profundidad y sofisticaci\u00f3n.<\/span> <span class=\"relative -mx-px my-[-0.2rem] rounded px-px py-[0.2rem]\">La base de flor de vainilla, \u00e1mbar, musgo azucarado y almizcle sensual ofrece una calidez envolvente, dejando una estela duradera y atractiva.<\/span> <span class=\"relative -mx-px my-[-0.2rem] rounded px-px py-[0.2rem]\">Esta composici\u00f3n, con ingredientes de origen natural y sostenible, captura la esencia de la juventud y la frescura, invitando a una experiencia sensorial \u00fanica.<\/span><\/p>\n","protected":false},"excerpt":{"rendered":"<p>Recuerda a Eden Juicy Apple\/01 de Kayali<\/p>\n","protected":false},"featured_media":3291,"comment_status":"open","ping_status":"closed","template":"","meta":[],"product_brand":[],"product_cat":[557],"product_tag":[1375],"class_list":{"0":"post-791","1":"product","2":"type-product","3":"status-publish","4":"has-post-thumbnail","6":"product_cat-kayali","7":"product_tag-unisex","9":"first","10":"instock","11":"shipping-taxable","12":"product-type-simple"},"_links":{"self":[{"href":"https:\/\/divainers.com\/hr\/wp-json\/wp\/v2\/product\/791","targetHints":{"allow":["GET"]}}],"collection":[{"href":"https:\/\/divainers.com\/hr\/wp-json\/wp\/v2\/product"}],"about":[{"href":"https:\/\/divainers.com\/hr\/wp-json\/wp\/v2\/types\/product"}],"replies":[{"embeddable":true,"href":"https:\/\/divainers.com\/hr\/wp-json\/wp\/v2\/comments?post=791"}],"wp:featuredmedia":[{"embeddable":true,"href":"https:\/\/divainers.com\/hr\/wp-json\/wp\/v2\/media\/3291"}],"wp:attachment":[{"href":"https:\/\/divainers.com\/hr\/wp-json\/wp\/v2\/media?parent=791"}],"wp:term":[{"taxonomy":"product_brand","embeddable":true,"href":"https:\/\/divainers.com\/hr\/wp-json\/wp\/v2\/product_brand?post=791"},{"taxonomy":"product_cat","embeddable":true,"href":"https:\/\/divainers.com\/hr\/wp-json\/wp\/v2\/product_cat?post=791"},{"taxonomy":"product_tag","embeddable":true,"href":"https:\/\/divainers.com\/hr\/wp-json\/wp\/v2\/product_tag?post=791"}],"curies":[{"name":"wp","href":"https:\/\/api.w.org\/{rel}","templated":true}]}}