{"id":7913,"date":"2025-01-31T08:31:51","date_gmt":"2025-01-31T07:31:51","guid":{"rendered":"https:\/\/divainers.com\/producto\/divain-457\/"},"modified":"2026-04-30T16:04:57","modified_gmt":"2026-04-30T14:04:57","slug":"divain-457","status":"publish","type":"product","link":"https:\/\/divainers.com\/hr\/producto\/divain-457\/","title":{"rendered":"divain.457"},"content":{"rendered":"<p>Odva\u017ean i magneti\u010dan miris koji odi\u0161e elegancijom i karakterom u svakoj noti. Otvaranje je \u017eivahno i citrusno, s eksplozijom limuna, ananasa i bergamota koja budi osjetila intenzivnom svje\u017einom. U srcu, breza i jasmin donose dubinu i sofisticirani dimni prizvuk, prizivaju\u0107i profinjenu i sigurnu mu\u017eevnost. Na kraju, obavijaju\u0107i trag od sive amber, mo\u0161usa i pa\u010dulija ostavlja dugotrajan, zavodljiv i sna\u017ean dojam. Impozantan i sofisticiran parfem, idealan za one koji tra\u017ee intenzivnu, svestranu i prepoznatljivu prisutnost.<\/p>\n","protected":false},"excerpt":{"rendered":"<p>Podsje\u0107a na Club de Nuit Intense Man od Armaf<\/p>\n","protected":false},"featured_media":7911,"comment_status":"open","ping_status":"closed","template":"","meta":[],"product_brand":[],"product_cat":[1614],"product_tag":[1360],"class_list":{"0":"post-7913","1":"product","2":"type-product","3":"status-publish","4":"has-post-thumbnail","6":"product_cat-armaf","7":"product_tag-muskarci","9":"first","10":"instock","11":"shipping-taxable","12":"product-type-simple"},"_links":{"self":[{"href":"https:\/\/divainers.com\/hr\/wp-json\/wp\/v2\/product\/7913","targetHints":{"allow":["GET"]}}],"collection":[{"href":"https:\/\/divainers.com\/hr\/wp-json\/wp\/v2\/product"}],"about":[{"href":"https:\/\/divainers.com\/hr\/wp-json\/wp\/v2\/types\/product"}],"replies":[{"embeddable":true,"href":"https:\/\/divainers.com\/hr\/wp-json\/wp\/v2\/comments?post=7913"}],"wp:featuredmedia":[{"embeddable":true,"href":"https:\/\/divainers.com\/hr\/wp-json\/wp\/v2\/media\/7911"}],"wp:attachment":[{"href":"https:\/\/divainers.com\/hr\/wp-json\/wp\/v2\/media?parent=7913"}],"wp:term":[{"taxonomy":"product_brand","embeddable":true,"href":"https:\/\/divainers.com\/hr\/wp-json\/wp\/v2\/product_brand?post=7913"},{"taxonomy":"product_cat","embeddable":true,"href":"https:\/\/divainers.com\/hr\/wp-json\/wp\/v2\/product_cat?post=7913"},{"taxonomy":"product_tag","embeddable":true,"href":"https:\/\/divainers.com\/hr\/wp-json\/wp\/v2\/product_tag?post=7913"}],"curies":[{"name":"wp","href":"https:\/\/api.w.org\/{rel}","templated":true}]}}