{"id":7957,"date":"2025-01-31T08:31:51","date_gmt":"2025-01-31T07:31:51","guid":{"rendered":"https:\/\/divainers.com\/producto\/divain-890\/"},"modified":"2026-04-30T16:15:14","modified_gmt":"2026-04-30T14:15:14","slug":"divain-890","status":"publish","type":"product","link":"https:\/\/divainers.com\/hr\/producto\/divain-890\/","title":{"rendered":"divain.890"},"content":{"rendered":"<p>Zamislite miris koji vas obavija toplom i egzoti\u010dnom atmosferom, gdje se slatke i za\u010dinske note isprepli\u0107u s dragocjenim drvenim tonovima i vanilijom. Ova esencija zapo\u010dinje so\u010dnim otvaranjem \u0161ljive i prstohvatom cimeta, donose\u0107i za\u010dinsku slatko\u0107u. U srcu, heliotrop i datulja nude nje\u017enu cvjetnu i vo\u0107nu notu, dok pa\u010duli dodaje zemljanu dubinu. Drvenasta baza od guajak drveta, sandalovine i vanilije stvara toplu i ugodnu stazu, prizivaju\u0107i bogatstvo orijentalnih trgova\u010dkih ruta. Ova kompozicija pru\u017ea mirisno iskustvo koje savr\u0161eno spaja slatke, za\u010dinske i drvenaste note.<\/p>\n","protected":false},"excerpt":{"rendered":"<p>Podsje\u0107a na Rouge Sar\u00e2y od Atelier des Ors<\/p>\n","protected":false},"featured_media":7953,"comment_status":"open","ping_status":"closed","template":"","meta":[],"product_brand":[],"product_cat":[1636],"product_tag":[1410],"class_list":{"0":"post-7957","1":"product","2":"type-product","3":"status-publish","4":"has-post-thumbnail","6":"product_cat-atelier-des-ors","7":"product_tag-uniseks","9":"first","10":"instock","11":"shipping-taxable","12":"product-type-simple"},"_links":{"self":[{"href":"https:\/\/divainers.com\/hr\/wp-json\/wp\/v2\/product\/7957","targetHints":{"allow":["GET"]}}],"collection":[{"href":"https:\/\/divainers.com\/hr\/wp-json\/wp\/v2\/product"}],"about":[{"href":"https:\/\/divainers.com\/hr\/wp-json\/wp\/v2\/types\/product"}],"replies":[{"embeddable":true,"href":"https:\/\/divainers.com\/hr\/wp-json\/wp\/v2\/comments?post=7957"}],"wp:featuredmedia":[{"embeddable":true,"href":"https:\/\/divainers.com\/hr\/wp-json\/wp\/v2\/media\/7953"}],"wp:attachment":[{"href":"https:\/\/divainers.com\/hr\/wp-json\/wp\/v2\/media?parent=7957"}],"wp:term":[{"taxonomy":"product_brand","embeddable":true,"href":"https:\/\/divainers.com\/hr\/wp-json\/wp\/v2\/product_brand?post=7957"},{"taxonomy":"product_cat","embeddable":true,"href":"https:\/\/divainers.com\/hr\/wp-json\/wp\/v2\/product_cat?post=7957"},{"taxonomy":"product_tag","embeddable":true,"href":"https:\/\/divainers.com\/hr\/wp-json\/wp\/v2\/product_tag?post=7957"}],"curies":[{"name":"wp","href":"https:\/\/api.w.org\/{rel}","templated":true}]}}