{"id":8039,"date":"2025-01-31T08:31:52","date_gmt":"2025-01-31T07:31:52","guid":{"rendered":"https:\/\/divainers.com\/producto\/divain-240\/"},"modified":"2026-04-30T15:59:12","modified_gmt":"2026-04-30T13:59:12","slug":"divain-240","status":"publish","type":"product","link":"https:\/\/divainers.com\/hr\/producto\/divain-240\/","title":{"rendered":"divain.240"},"content":{"rendered":"<p>\u017divahan i odva\u017ean miris, dizajniran za ekstrovertiranog i energi\u010dnog mu\u0161karca. U otvaranju, eksplozija svje\u017eine i za\u010dina s notama limuna, \u0111umbira i mente budi osjetila i donosi dinamiku. Srce mirisa ispunjeno je toplim i aromati\u010dnim dodirom lavande, u kombinaciji s cimetom i kardamomom, stvaraju\u0107i ravnote\u017eu izme\u0111u nje\u017enosti i intenziteta. U bazi, drvenaste i balzamne note tonke, sandalovine i ko\u017ee obavijaju ko\u017eu tragom sofisticiranosti i senzualnosti. Idealno za posebne prilike, ovaj miris odraz je hrabrosti i samopouzdanja, savr\u0161en za one koji \u017eele istaknuti svoj nezaboravan nastup.<\/p>\n","protected":false},"excerpt":{"rendered":"<p>Podsje\u0107a na Azzaro Wanted od Azzaro<\/p>\n","protected":false},"featured_media":8038,"comment_status":"open","ping_status":"closed","template":"","meta":[],"product_brand":[],"product_cat":[1677],"product_tag":[1360],"class_list":{"0":"post-8039","1":"product","2":"type-product","3":"status-publish","4":"has-post-thumbnail","6":"product_cat-azzaro","7":"product_tag-muskarci","9":"first","10":"instock","11":"shipping-taxable","12":"product-type-simple"},"_links":{"self":[{"href":"https:\/\/divainers.com\/hr\/wp-json\/wp\/v2\/product\/8039","targetHints":{"allow":["GET"]}}],"collection":[{"href":"https:\/\/divainers.com\/hr\/wp-json\/wp\/v2\/product"}],"about":[{"href":"https:\/\/divainers.com\/hr\/wp-json\/wp\/v2\/types\/product"}],"replies":[{"embeddable":true,"href":"https:\/\/divainers.com\/hr\/wp-json\/wp\/v2\/comments?post=8039"}],"wp:featuredmedia":[{"embeddable":true,"href":"https:\/\/divainers.com\/hr\/wp-json\/wp\/v2\/media\/8038"}],"wp:attachment":[{"href":"https:\/\/divainers.com\/hr\/wp-json\/wp\/v2\/media?parent=8039"}],"wp:term":[{"taxonomy":"product_brand","embeddable":true,"href":"https:\/\/divainers.com\/hr\/wp-json\/wp\/v2\/product_brand?post=8039"},{"taxonomy":"product_cat","embeddable":true,"href":"https:\/\/divainers.com\/hr\/wp-json\/wp\/v2\/product_cat?post=8039"},{"taxonomy":"product_tag","embeddable":true,"href":"https:\/\/divainers.com\/hr\/wp-json\/wp\/v2\/product_tag?post=8039"}],"curies":[{"name":"wp","href":"https:\/\/api.w.org\/{rel}","templated":true}]}}