{"id":8081,"date":"2025-01-31T08:31:53","date_gmt":"2025-01-31T07:31:53","guid":{"rendered":"https:\/\/divainers.com\/producto\/divain-715\/"},"modified":"2026-04-30T16:12:25","modified_gmt":"2026-04-30T14:12:25","slug":"divain-715","status":"publish","type":"product","link":"https:\/\/divainers.com\/hr\/producto\/divain-715\/","title":{"rendered":"divain.715"},"content":{"rendered":"<p>Svje\u017ei i moderni cvjetni miris, karakteriziran kontrastom izme\u0111u zelenih i cvjetnih nota. Otvara se svje\u017ee i lagano s dodirom mente, koja se spaja s ru\u017eom i klin\u010di\u0107em u srcu, stvaraju\u0107i osje\u0107aj svje\u017eeg i obavijaju\u0107eg poljskog cvijeta. Kako se razvija, note jantara i vetivera u bazi donose zemljanu i sofisticiranu dubinu, uravnote\u017euju\u0107i svje\u017einu cvije\u0107a. Elegantna i suvremena mirisna kompozicija, idealna za one koji tra\u017ee ne\u0161to \u017eenstveno, ali s dozom hrabrosti i modernosti.<\/p>\n","protected":false},"excerpt":{"rendered":"<p>Podsje\u0107a na Florabotanica od Balenciaga<\/p>\n","protected":false},"featured_media":8079,"comment_status":"open","ping_status":"closed","template":"","meta":[],"product_brand":[],"product_cat":[1697],"product_tag":[1434],"class_list":{"0":"post-8081","1":"product","2":"type-product","3":"status-publish","4":"has-post-thumbnail","6":"product_cat-balenciaga","7":"product_tag-zene","9":"first","10":"instock","11":"shipping-taxable","12":"product-type-simple"},"_links":{"self":[{"href":"https:\/\/divainers.com\/hr\/wp-json\/wp\/v2\/product\/8081","targetHints":{"allow":["GET"]}}],"collection":[{"href":"https:\/\/divainers.com\/hr\/wp-json\/wp\/v2\/product"}],"about":[{"href":"https:\/\/divainers.com\/hr\/wp-json\/wp\/v2\/types\/product"}],"replies":[{"embeddable":true,"href":"https:\/\/divainers.com\/hr\/wp-json\/wp\/v2\/comments?post=8081"}],"wp:featuredmedia":[{"embeddable":true,"href":"https:\/\/divainers.com\/hr\/wp-json\/wp\/v2\/media\/8079"}],"wp:attachment":[{"href":"https:\/\/divainers.com\/hr\/wp-json\/wp\/v2\/media?parent=8081"}],"wp:term":[{"taxonomy":"product_brand","embeddable":true,"href":"https:\/\/divainers.com\/hr\/wp-json\/wp\/v2\/product_brand?post=8081"},{"taxonomy":"product_cat","embeddable":true,"href":"https:\/\/divainers.com\/hr\/wp-json\/wp\/v2\/product_cat?post=8081"},{"taxonomy":"product_tag","embeddable":true,"href":"https:\/\/divainers.com\/hr\/wp-json\/wp\/v2\/product_tag?post=8081"}],"curies":[{"name":"wp","href":"https:\/\/api.w.org\/{rel}","templated":true}]}}