{"id":8123,"date":"2025-01-31T08:31:53","date_gmt":"2025-01-31T07:31:53","guid":{"rendered":"https:\/\/divainers.com\/producto\/divain-412\/"},"modified":"2026-04-30T16:02:46","modified_gmt":"2026-04-30T14:02:46","slug":"divain-412","status":"publish","type":"product","link":"https:\/\/divainers.com\/hr\/producto\/divain-412\/","title":{"rendered":"divain.412"},"content":{"rendered":"<p>Opu\u0161taju\u0107i i zavodljivi miris koji spaja toplinu za\u010dinjenog duhana sa bar\u0161unastom senzualno\u0161\u0107u ru\u017ee. Od samog po\u010detka, za\u010dinske i slatke note obavijaju osjetila, stvaraju\u0107i intenzivan i o\u010daravaju\u0107i do\u017eivljaj. U srcu, ru\u017ea se otkriva s dubokim i blago tamnim karakterom, pra\u0107ena jantarno-smolastim nijansama koje nagla\u0161avaju njezinu bogatost. Osnova je gusta i zavodljiva, s akordima kakaa, mo\u0161usa i kremastog drva koji ostavljaju sofisticirani i dugotrajni trag. Idealno za one koji tra\u017ee hrabru, elegantnu i punu karaktera mirisnu notu.<\/p>\n","protected":false},"excerpt":{"rendered":"<p>Podsje\u0107a na Tabac Rose od BDK Parfums<\/p>\n","protected":false},"featured_media":8121,"comment_status":"open","ping_status":"closed","template":"","meta":[],"product_brand":[],"product_cat":[1719],"product_tag":[1410],"class_list":{"0":"post-8123","1":"product","2":"type-product","3":"status-publish","4":"has-post-thumbnail","6":"product_cat-bdk-parfums","7":"product_tag-uniseks","9":"first","10":"instock","11":"shipping-taxable","12":"product-type-simple"},"_links":{"self":[{"href":"https:\/\/divainers.com\/hr\/wp-json\/wp\/v2\/product\/8123","targetHints":{"allow":["GET"]}}],"collection":[{"href":"https:\/\/divainers.com\/hr\/wp-json\/wp\/v2\/product"}],"about":[{"href":"https:\/\/divainers.com\/hr\/wp-json\/wp\/v2\/types\/product"}],"replies":[{"embeddable":true,"href":"https:\/\/divainers.com\/hr\/wp-json\/wp\/v2\/comments?post=8123"}],"wp:featuredmedia":[{"embeddable":true,"href":"https:\/\/divainers.com\/hr\/wp-json\/wp\/v2\/media\/8121"}],"wp:attachment":[{"href":"https:\/\/divainers.com\/hr\/wp-json\/wp\/v2\/media?parent=8123"}],"wp:term":[{"taxonomy":"product_brand","embeddable":true,"href":"https:\/\/divainers.com\/hr\/wp-json\/wp\/v2\/product_brand?post=8123"},{"taxonomy":"product_cat","embeddable":true,"href":"https:\/\/divainers.com\/hr\/wp-json\/wp\/v2\/product_cat?post=8123"},{"taxonomy":"product_tag","embeddable":true,"href":"https:\/\/divainers.com\/hr\/wp-json\/wp\/v2\/product_tag?post=8123"}],"curies":[{"name":"wp","href":"https:\/\/api.w.org\/{rel}","templated":true}]}}