{"id":8166,"date":"2025-01-31T08:33:36","date_gmt":"2025-01-31T07:33:36","guid":{"rendered":"https:\/\/divainers.com\/producto\/divain-077\/"},"modified":"2026-04-30T15:53:23","modified_gmt":"2026-04-30T13:53:23","slug":"divain-077","status":"publish","type":"product","link":"https:\/\/divainers.com\/hr\/producto\/divain-077\/","title":{"rendered":"divain.077"},"content":{"rendered":"<p>Mladena\u010dki i \u017eivahan miris koji hvata radost i spontanost u svakoj noti. Njegov blistavi po\u010detak breskve, marelice i crne ribizle donosi vo\u0107nu i svijetlu slatko\u0107u. U srcu, frezija, ljubi\u010dica i ljiljan dolina obavijaju miris nje\u017enom i romanti\u010dnom \u017eenstveno\u0161\u0107u. U bazi, sandalovina, vanilija i mo\u0161us stvaraju topao i ugodan trag, savr\u0161en za zabavnu, slobodnu \u017eenu s duhom punim energije.<\/p>\n","protected":false},"excerpt":{"rendered":"<p>Podsje\u0107a na Red Jeans od Versace<\/p>\n","protected":false},"featured_media":8164,"comment_status":"open","ping_status":"closed","template":"","meta":[],"product_brand":[],"product_cat":[1740],"product_tag":[1434],"class_list":{"0":"post-8166","1":"product","2":"type-product","3":"status-publish","4":"has-post-thumbnail","6":"product_cat-versace","7":"product_tag-zene","9":"first","10":"instock","11":"shipping-taxable","12":"product-type-simple"},"_links":{"self":[{"href":"https:\/\/divainers.com\/hr\/wp-json\/wp\/v2\/product\/8166","targetHints":{"allow":["GET"]}}],"collection":[{"href":"https:\/\/divainers.com\/hr\/wp-json\/wp\/v2\/product"}],"about":[{"href":"https:\/\/divainers.com\/hr\/wp-json\/wp\/v2\/types\/product"}],"replies":[{"embeddable":true,"href":"https:\/\/divainers.com\/hr\/wp-json\/wp\/v2\/comments?post=8166"}],"wp:featuredmedia":[{"embeddable":true,"href":"https:\/\/divainers.com\/hr\/wp-json\/wp\/v2\/media\/8164"}],"wp:attachment":[{"href":"https:\/\/divainers.com\/hr\/wp-json\/wp\/v2\/media?parent=8166"}],"wp:term":[{"taxonomy":"product_brand","embeddable":true,"href":"https:\/\/divainers.com\/hr\/wp-json\/wp\/v2\/product_brand?post=8166"},{"taxonomy":"product_cat","embeddable":true,"href":"https:\/\/divainers.com\/hr\/wp-json\/wp\/v2\/product_cat?post=8166"},{"taxonomy":"product_tag","embeddable":true,"href":"https:\/\/divainers.com\/hr\/wp-json\/wp\/v2\/product_tag?post=8166"}],"curies":[{"name":"wp","href":"https:\/\/api.w.org\/{rel}","templated":true}]}}