{"id":8212,"date":"2025-01-31T08:31:53","date_gmt":"2025-01-31T07:31:53","guid":{"rendered":"https:\/\/divainers.com\/producto\/divain-447\/"},"modified":"2026-04-30T16:04:42","modified_gmt":"2026-04-30T14:04:42","slug":"divain-447","status":"publish","type":"product","link":"https:\/\/divainers.com\/hr\/producto\/divain-447\/","title":{"rendered":"divain.447"},"content":{"rendered":"<p>Veli\u010danstven i mo\u0107an miris koji odi\u0161e samopouzdanjem i sofisticirano\u0161\u0107u u svakoj noti. Otvaranje je \u017eivahno i za\u010dinjeno, s eksplozijom bergamota i papra koji bude osjetila energijom i elegancijom. U srcu, jantar i lavanda stapaju se s plemenitim drve\u0107em, donose\u0107i dubinu i profinjenost. Na kraju, topla baza od vanilije, mo\u0161usa i ouda ostavlja zavodljiv, intenzivan i omamljuju\u0107i trag. Odva\u017ean i magneti\u010dan parfem, savr\u0161en za one koji tra\u017ee miris s karakterom, prisutno\u0161\u0107u i impresivnom elegancijom.<\/p>\n","protected":false},"excerpt":{"rendered":"<p>Podsje\u0107a na King od Bharara<\/p>\n","protected":false},"featured_media":8205,"comment_status":"open","ping_status":"closed","template":"","meta":[],"product_brand":[],"product_cat":[1763],"product_tag":[1372],"class_list":{"0":"post-8212","1":"product","2":"type-product","3":"status-publish","4":"has-post-thumbnail","6":"product_cat-bharara","7":"product_tag-ferfiak","9":"first","10":"instock","11":"shipping-taxable","12":"product-type-simple"},"_links":{"self":[{"href":"https:\/\/divainers.com\/hr\/wp-json\/wp\/v2\/product\/8212","targetHints":{"allow":["GET"]}}],"collection":[{"href":"https:\/\/divainers.com\/hr\/wp-json\/wp\/v2\/product"}],"about":[{"href":"https:\/\/divainers.com\/hr\/wp-json\/wp\/v2\/types\/product"}],"replies":[{"embeddable":true,"href":"https:\/\/divainers.com\/hr\/wp-json\/wp\/v2\/comments?post=8212"}],"wp:featuredmedia":[{"embeddable":true,"href":"https:\/\/divainers.com\/hr\/wp-json\/wp\/v2\/media\/8205"}],"wp:attachment":[{"href":"https:\/\/divainers.com\/hr\/wp-json\/wp\/v2\/media?parent=8212"}],"wp:term":[{"taxonomy":"product_brand","embeddable":true,"href":"https:\/\/divainers.com\/hr\/wp-json\/wp\/v2\/product_brand?post=8212"},{"taxonomy":"product_cat","embeddable":true,"href":"https:\/\/divainers.com\/hr\/wp-json\/wp\/v2\/product_cat?post=8212"},{"taxonomy":"product_tag","embeddable":true,"href":"https:\/\/divainers.com\/hr\/wp-json\/wp\/v2\/product_tag?post=8212"}],"curies":[{"name":"wp","href":"https:\/\/api.w.org\/{rel}","templated":true}]}}