{"id":8416,"date":"2025-01-31T08:31:53","date_gmt":"2025-01-31T07:31:53","guid":{"rendered":"https:\/\/divainers.com\/producto\/divain-518\/"},"modified":"2026-04-30T16:07:36","modified_gmt":"2026-04-30T14:07:36","slug":"divain-518","status":"publish","type":"product","link":"https:\/\/divainers.com\/hr\/producto\/divain-518\/","title":{"rendered":"divain.518"},"content":{"rendered":"<p>Egzoti\u010dan i zavodljiv miris koji vas vodi na senzorno putovanje ispunjeno toplinom i sofisticirano\u0161\u0107u. Od samog otvaranja, slatko za\u010dinska nota cimeta i bergamota budi osjetila toplom i svijetlom vibracijom. U srcu se elegantni buket jasmina i ru\u017ee spaja s notama ylang-ylanga, donose\u0107i bogatu i zavodljivu \u017eenstvenost. Na kraju, baza od vanilije, benzoina i jantara ostavlja kremasti, obavijaju\u0107i i duboko senzualan trag. Luksuzan i magneti\u010dan parfem, idealan za one koji tra\u017ee orijentalnu, toplu i sofisticiranu nezaboravnu notu.<\/p>\n","protected":false},"excerpt":{"rendered":"<p>Podsje\u0107a na Jaipur od Boucheron<\/p>\n","protected":false},"featured_media":8414,"comment_status":"open","ping_status":"closed","template":"","meta":[],"product_brand":[],"product_cat":[1865],"product_tag":[1434],"class_list":{"0":"post-8416","1":"product","2":"type-product","3":"status-publish","4":"has-post-thumbnail","6":"product_cat-boucheron","7":"product_tag-zene","9":"first","10":"instock","11":"shipping-taxable","12":"product-type-simple"},"_links":{"self":[{"href":"https:\/\/divainers.com\/hr\/wp-json\/wp\/v2\/product\/8416","targetHints":{"allow":["GET"]}}],"collection":[{"href":"https:\/\/divainers.com\/hr\/wp-json\/wp\/v2\/product"}],"about":[{"href":"https:\/\/divainers.com\/hr\/wp-json\/wp\/v2\/types\/product"}],"replies":[{"embeddable":true,"href":"https:\/\/divainers.com\/hr\/wp-json\/wp\/v2\/comments?post=8416"}],"wp:featuredmedia":[{"embeddable":true,"href":"https:\/\/divainers.com\/hr\/wp-json\/wp\/v2\/media\/8414"}],"wp:attachment":[{"href":"https:\/\/divainers.com\/hr\/wp-json\/wp\/v2\/media?parent=8416"}],"wp:term":[{"taxonomy":"product_brand","embeddable":true,"href":"https:\/\/divainers.com\/hr\/wp-json\/wp\/v2\/product_brand?post=8416"},{"taxonomy":"product_cat","embeddable":true,"href":"https:\/\/divainers.com\/hr\/wp-json\/wp\/v2\/product_cat?post=8416"},{"taxonomy":"product_tag","embeddable":true,"href":"https:\/\/divainers.com\/hr\/wp-json\/wp\/v2\/product_tag?post=8416"}],"curies":[{"name":"wp","href":"https:\/\/api.w.org\/{rel}","templated":true}]}}