{"id":8461,"date":"2025-01-31T08:31:54","date_gmt":"2025-01-31T07:31:54","guid":{"rendered":"https:\/\/divainers.com\/producto\/divain-060\/"},"modified":"2026-04-30T15:53:04","modified_gmt":"2026-04-30T13:53:04","slug":"divain-060","status":"publish","type":"product","link":"https:\/\/divainers.com\/hr\/producto\/divain-060\/","title":{"rendered":"divain.060"},"content":{"rendered":"<p>Slatki i o\u010daravaju\u0107i miris koji priziva svijet ma\u0161te i romantike. Njegov pjenu\u0161avi po\u010detak od kivija, crvene li\u010dije i dunje donosi vo\u0107nu i so\u010dnu notu. U srcu, jasmin i bijela \u010dokolada stvaraju zaraznu i zavodljivu kombinaciju. U bazi, vanilija, mo\u0161us i kremasta drvenasta nota obavijaju miris toplim i ugodnim tragom. Savr\u0161en za sanjivu, zavodljivu \u017eenu s magi\u010dnim i neodoljivim duhom.<\/p>\n","protected":false},"excerpt":{"rendered":"<p>Podsje\u0107a na Fantasy od Britney Spears<\/p>\n","protected":false},"featured_media":8457,"comment_status":"open","ping_status":"closed","template":"","meta":[],"product_brand":[],"product_cat":[1887],"product_tag":[1434],"class_list":{"0":"post-8461","1":"product","2":"type-product","3":"status-publish","4":"has-post-thumbnail","6":"product_cat-britney-spears","7":"product_tag-zene","9":"first","10":"instock","11":"shipping-taxable","12":"product-type-simple"},"_links":{"self":[{"href":"https:\/\/divainers.com\/hr\/wp-json\/wp\/v2\/product\/8461","targetHints":{"allow":["GET"]}}],"collection":[{"href":"https:\/\/divainers.com\/hr\/wp-json\/wp\/v2\/product"}],"about":[{"href":"https:\/\/divainers.com\/hr\/wp-json\/wp\/v2\/types\/product"}],"replies":[{"embeddable":true,"href":"https:\/\/divainers.com\/hr\/wp-json\/wp\/v2\/comments?post=8461"}],"wp:featuredmedia":[{"embeddable":true,"href":"https:\/\/divainers.com\/hr\/wp-json\/wp\/v2\/media\/8457"}],"wp:attachment":[{"href":"https:\/\/divainers.com\/hr\/wp-json\/wp\/v2\/media?parent=8461"}],"wp:term":[{"taxonomy":"product_brand","embeddable":true,"href":"https:\/\/divainers.com\/hr\/wp-json\/wp\/v2\/product_brand?post=8461"},{"taxonomy":"product_cat","embeddable":true,"href":"https:\/\/divainers.com\/hr\/wp-json\/wp\/v2\/product_cat?post=8461"},{"taxonomy":"product_tag","embeddable":true,"href":"https:\/\/divainers.com\/hr\/wp-json\/wp\/v2\/product_tag?post=8461"}],"curies":[{"name":"wp","href":"https:\/\/api.w.org\/{rel}","templated":true}]}}