{"id":8504,"date":"2025-01-31T08:31:54","date_gmt":"2025-01-31T07:31:54","guid":{"rendered":"https:\/\/divainers.com\/producto\/divain-137\/"},"modified":"2026-04-30T15:56:48","modified_gmt":"2026-04-30T13:56:48","slug":"divain-137","status":"publish","type":"product","link":"https:\/\/divainers.com\/hr\/producto\/divain-137\/","title":{"rendered":"divain.137"},"content":{"rendered":"<p>Topli i elegantni miris koji obavija osjete svojom profinjenom senzualno\u0161\u0107u. Vo\u0107ni po\u010detak breskve, kru\u0161ke i crne ribizle donosi so\u010dnu i svijetlu slatko\u0107u. U srcu, jasmin i sandalovina stvaraju nje\u017enu i sofisticiranu kombinaciju koja isti\u010de \u017eenstvenost s obavijaju\u0107im dodirom. U bazi, vanilija i bijeli mo\u0161us ostavljaju topao i ugodan trag, savr\u0161en za klasi\u010dnu, sofisticiranu \u017eenu s bezvremenim \u0161armom koja ostavlja nezaboravan dojam.<\/p>\n","protected":false},"excerpt":{"rendered":"<p>Podsje\u0107a na Burberry Women od Burberry<\/p>\n","protected":false},"featured_media":8499,"comment_status":"open","ping_status":"closed","template":"","meta":[],"product_brand":[],"product_cat":[1908],"product_tag":[1434],"class_list":{"0":"post-8504","1":"product","2":"type-product","3":"status-publish","4":"has-post-thumbnail","6":"product_cat-burberry","7":"product_tag-zene","9":"first","10":"instock","11":"shipping-taxable","12":"product-type-simple"},"_links":{"self":[{"href":"https:\/\/divainers.com\/hr\/wp-json\/wp\/v2\/product\/8504","targetHints":{"allow":["GET"]}}],"collection":[{"href":"https:\/\/divainers.com\/hr\/wp-json\/wp\/v2\/product"}],"about":[{"href":"https:\/\/divainers.com\/hr\/wp-json\/wp\/v2\/types\/product"}],"replies":[{"embeddable":true,"href":"https:\/\/divainers.com\/hr\/wp-json\/wp\/v2\/comments?post=8504"}],"wp:featuredmedia":[{"embeddable":true,"href":"https:\/\/divainers.com\/hr\/wp-json\/wp\/v2\/media\/8499"}],"wp:attachment":[{"href":"https:\/\/divainers.com\/hr\/wp-json\/wp\/v2\/media?parent=8504"}],"wp:term":[{"taxonomy":"product_brand","embeddable":true,"href":"https:\/\/divainers.com\/hr\/wp-json\/wp\/v2\/product_brand?post=8504"},{"taxonomy":"product_cat","embeddable":true,"href":"https:\/\/divainers.com\/hr\/wp-json\/wp\/v2\/product_cat?post=8504"},{"taxonomy":"product_tag","embeddable":true,"href":"https:\/\/divainers.com\/hr\/wp-json\/wp\/v2\/product_tag?post=8504"}],"curies":[{"name":"wp","href":"https:\/\/api.w.org\/{rel}","templated":true}]}}