{"id":8630,"date":"2025-01-31T08:33:38","date_gmt":"2025-01-31T07:33:38","guid":{"rendered":"https:\/\/divainers.com\/producto\/divain-659\/"},"modified":"2026-04-30T16:11:21","modified_gmt":"2026-04-30T14:11:21","slug":"divain-659","status":"publish","type":"product","link":"https:\/\/divainers.com\/hr\/producto\/divain-659\/","title":{"rendered":"divain.659"},"content":{"rendered":"<p>Miris koji odi\u0161e senzualno\u0161\u0107u i tajanstveno\u0161\u0107u, savr\u0161en za \u017eenu koja \u017eeli o\u010darati jedinstvenim tragom. Po\u010dinje vo\u0107nom i so\u010dnom mje\u0161avinom, gdje note \u0161ljive i maline dodaju slatku svje\u017einu, uz nje\u017eni cvjetni dodir. Srce se ispunjava suptilnim akordom egzoti\u010dnog cvije\u0107a poput jasmina, koji donosi \u017eensku i zavodljivu senzualnost. Na kraju, bazne note sandalovine i mo\u0161usa stvaraju toplu i zemljanu podlogu, ostavljaju\u0107i osje\u0107aj meko\u0107e i dubine koji traje.<\/p>\n","protected":false},"excerpt":{"rendered":"<p>Podsje\u0107a na Forbidden od Victoria&#8217;s Secret<\/p>\n","protected":false},"featured_media":8624,"comment_status":"open","ping_status":"closed","template":"","meta":[],"product_brand":[],"product_cat":[1970],"product_tag":[1434],"class_list":{"0":"post-8630","1":"product","2":"type-product","3":"status-publish","4":"has-post-thumbnail","6":"product_cat-victorias-secret","7":"product_tag-zene","9":"first","10":"instock","11":"shipping-taxable","12":"product-type-simple"},"_links":{"self":[{"href":"https:\/\/divainers.com\/hr\/wp-json\/wp\/v2\/product\/8630","targetHints":{"allow":["GET"]}}],"collection":[{"href":"https:\/\/divainers.com\/hr\/wp-json\/wp\/v2\/product"}],"about":[{"href":"https:\/\/divainers.com\/hr\/wp-json\/wp\/v2\/types\/product"}],"replies":[{"embeddable":true,"href":"https:\/\/divainers.com\/hr\/wp-json\/wp\/v2\/comments?post=8630"}],"wp:featuredmedia":[{"embeddable":true,"href":"https:\/\/divainers.com\/hr\/wp-json\/wp\/v2\/media\/8624"}],"wp:attachment":[{"href":"https:\/\/divainers.com\/hr\/wp-json\/wp\/v2\/media?parent=8630"}],"wp:term":[{"taxonomy":"product_brand","embeddable":true,"href":"https:\/\/divainers.com\/hr\/wp-json\/wp\/v2\/product_brand?post=8630"},{"taxonomy":"product_cat","embeddable":true,"href":"https:\/\/divainers.com\/hr\/wp-json\/wp\/v2\/product_cat?post=8630"},{"taxonomy":"product_tag","embeddable":true,"href":"https:\/\/divainers.com\/hr\/wp-json\/wp\/v2\/product_tag?post=8630"}],"curies":[{"name":"wp","href":"https:\/\/api.w.org\/{rel}","templated":true}]}}