{"id":9160,"date":"2025-01-31T08:33:39","date_gmt":"2025-01-31T07:33:39","guid":{"rendered":"https:\/\/divainers.com\/producto\/divain-100\/"},"modified":"2026-04-30T15:53:47","modified_gmt":"2026-04-30T13:53:47","slug":"divain-100","status":"publish","type":"product","link":"https:\/\/divainers.com\/hr\/producto\/divain-100\/","title":{"rendered":"divain.100"},"content":{"rendered":"<p>\u010cist i prirodan miris koji priziva svje\u017einu jutra i nje\u017enost prirode. Njegov svijetli po\u010detak s citrusima i zelenim listovima donosi osvje\u017eavaju\u0107i i lagani osje\u0107aj. U srcu, cvjetni buket jasmina, ru\u017ee i ljiljana doline obavija miris meko\u0107om i elegantnom \u017eenstveno\u0161\u0107u. U bazi, mo\u0161us i cedar stvaraju topao i obavijaju\u0107i trag, savr\u0161en za romanti\u010dnu, smirenu \u017eenu s suptilnim \u0161armom koji ostavlja dojam.<\/p>\n","protected":false},"excerpt":{"rendered":"<p>Podsje\u0107a na Agua de Rocio od Victorio &#038; Lucchino<\/p>\n","protected":false},"featured_media":9155,"comment_status":"open","ping_status":"closed","template":"","meta":[],"product_brand":[],"product_cat":[2223],"product_tag":[1434],"class_list":{"0":"post-9160","1":"product","2":"type-product","3":"status-publish","4":"has-post-thumbnail","6":"product_cat-victorio-lucchino","7":"product_tag-zene","9":"first","10":"instock","11":"shipping-taxable","12":"product-type-simple"},"_links":{"self":[{"href":"https:\/\/divainers.com\/hr\/wp-json\/wp\/v2\/product\/9160","targetHints":{"allow":["GET"]}}],"collection":[{"href":"https:\/\/divainers.com\/hr\/wp-json\/wp\/v2\/product"}],"about":[{"href":"https:\/\/divainers.com\/hr\/wp-json\/wp\/v2\/types\/product"}],"replies":[{"embeddable":true,"href":"https:\/\/divainers.com\/hr\/wp-json\/wp\/v2\/comments?post=9160"}],"wp:featuredmedia":[{"embeddable":true,"href":"https:\/\/divainers.com\/hr\/wp-json\/wp\/v2\/media\/9155"}],"wp:attachment":[{"href":"https:\/\/divainers.com\/hr\/wp-json\/wp\/v2\/media?parent=9160"}],"wp:term":[{"taxonomy":"product_brand","embeddable":true,"href":"https:\/\/divainers.com\/hr\/wp-json\/wp\/v2\/product_brand?post=9160"},{"taxonomy":"product_cat","embeddable":true,"href":"https:\/\/divainers.com\/hr\/wp-json\/wp\/v2\/product_cat?post=9160"},{"taxonomy":"product_tag","embeddable":true,"href":"https:\/\/divainers.com\/hr\/wp-json\/wp\/v2\/product_tag?post=9160"}],"curies":[{"name":"wp","href":"https:\/\/api.w.org\/{rel}","templated":true}]}}