{"id":938,"date":"2025-01-31T08:33:05","date_gmt":"2025-01-31T07:33:05","guid":{"rendered":"https:\/\/divainers.com\/producto\/divain-339\/"},"modified":"2026-03-16T16:08:07","modified_gmt":"2026-03-16T15:08:07","slug":"divain-339","status":"publish","type":"product","link":"https:\/\/divainers.com\/hr\/producto\/divain-339\/","title":{"rendered":"divain.339"},"content":{"rendered":"<p>Una fragancia opulenta y envolvente que fusiona la intensidad del oud con la riqueza del tabaco. Su apertura es especiada y ligeramente dulce, con notas de canela y c\u00edtricos que aportan calidez y frescura. En el coraz\u00f3n, el tabaco se vuelve protagonista, acompa\u00f1ado de un oud ahumado y terroso que le da profundidad. La base es densa y seductora, con vainilla, \u00e1mbar y maderas preciosas, dejando una estela intensa y sofisticada.<\/p>\n","protected":false},"excerpt":{"rendered":"<p>Recuerda a Oud Tobacco de Montale<\/p>\n","protected":false},"featured_media":3562,"comment_status":"open","ping_status":"closed","template":"","meta":[],"product_brand":[],"product_cat":[725],"product_tag":[29],"class_list":{"0":"post-938","1":"product","2":"type-product","3":"status-publish","4":"has-post-thumbnail","6":"product_cat-montale","7":"product_tag-unisex","9":"first","10":"instock","11":"shipping-taxable","12":"product-type-simple"},"_links":{"self":[{"href":"https:\/\/divainers.com\/hr\/wp-json\/wp\/v2\/product\/938","targetHints":{"allow":["GET"]}}],"collection":[{"href":"https:\/\/divainers.com\/hr\/wp-json\/wp\/v2\/product"}],"about":[{"href":"https:\/\/divainers.com\/hr\/wp-json\/wp\/v2\/types\/product"}],"replies":[{"embeddable":true,"href":"https:\/\/divainers.com\/hr\/wp-json\/wp\/v2\/comments?post=938"}],"wp:featuredmedia":[{"embeddable":true,"href":"https:\/\/divainers.com\/hr\/wp-json\/wp\/v2\/media\/3562"}],"wp:attachment":[{"href":"https:\/\/divainers.com\/hr\/wp-json\/wp\/v2\/media?parent=938"}],"wp:term":[{"taxonomy":"product_brand","embeddable":true,"href":"https:\/\/divainers.com\/hr\/wp-json\/wp\/v2\/product_brand?post=938"},{"taxonomy":"product_cat","embeddable":true,"href":"https:\/\/divainers.com\/hr\/wp-json\/wp\/v2\/product_cat?post=938"},{"taxonomy":"product_tag","embeddable":true,"href":"https:\/\/divainers.com\/hr\/wp-json\/wp\/v2\/product_tag?post=938"}],"curies":[{"name":"wp","href":"https:\/\/api.w.org\/{rel}","templated":true}]}}