{"id":978,"date":"2025-01-31T08:33:10","date_gmt":"2025-01-31T07:33:10","guid":{"rendered":"https:\/\/divainers.com\/producto\/divain-533\/"},"modified":"2026-03-16T16:08:10","modified_gmt":"2026-03-16T15:08:10","slug":"divain-533","status":"publish","type":"product","link":"https:\/\/divainers.com\/hr\/producto\/divain-533\/","title":{"rendered":"divain.533"},"content":{"rendered":"<p>Un aroma tentador y seductor que captura la esencia de una feminidad apasionada y misteriosa. Desde la apertura, una explosi\u00f3n de mandarina y grosella negra despierta los sentidos con una frescura jugosa y afrutada. En su coraz\u00f3n, una mezcla de rosa, jazm\u00edn y flor de azahar se combina con un toque de licor de frambuesa, creando una suavidad floral y un toque dulce, envolvente y seductor. Finalmente, un fondo c\u00e1lido de vainilla, \u00e1mbar y almizcle deja una estela cremosa y sensual, adictiva y profunda. Un perfume ideal para quienes buscan una fragancia dulce, floral y envolvente, perfecta para una noche especial llena de misterio y atracci\u00f3n.<\/p>\n","protected":false},"excerpt":{"rendered":"<p>Recuerda a La Tentation de Nina Ricci<\/p>\n","protected":false},"featured_media":2938,"comment_status":"open","ping_status":"closed","template":"","meta":[],"product_brand":[],"product_cat":[771],"product_tag":[1420],"class_list":{"0":"post-978","1":"product","2":"type-product","3":"status-publish","4":"has-post-thumbnail","6":"product_cat-nina-ricci","7":"product_tag-frauen","9":"first","10":"instock","11":"shipping-taxable","12":"product-type-simple"},"_links":{"self":[{"href":"https:\/\/divainers.com\/hr\/wp-json\/wp\/v2\/product\/978","targetHints":{"allow":["GET"]}}],"collection":[{"href":"https:\/\/divainers.com\/hr\/wp-json\/wp\/v2\/product"}],"about":[{"href":"https:\/\/divainers.com\/hr\/wp-json\/wp\/v2\/types\/product"}],"replies":[{"embeddable":true,"href":"https:\/\/divainers.com\/hr\/wp-json\/wp\/v2\/comments?post=978"}],"wp:featuredmedia":[{"embeddable":true,"href":"https:\/\/divainers.com\/hr\/wp-json\/wp\/v2\/media\/2938"}],"wp:attachment":[{"href":"https:\/\/divainers.com\/hr\/wp-json\/wp\/v2\/media?parent=978"}],"wp:term":[{"taxonomy":"product_brand","embeddable":true,"href":"https:\/\/divainers.com\/hr\/wp-json\/wp\/v2\/product_brand?post=978"},{"taxonomy":"product_cat","embeddable":true,"href":"https:\/\/divainers.com\/hr\/wp-json\/wp\/v2\/product_cat?post=978"},{"taxonomy":"product_tag","embeddable":true,"href":"https:\/\/divainers.com\/hr\/wp-json\/wp\/v2\/product_tag?post=978"}],"curies":[{"name":"wp","href":"https:\/\/api.w.org\/{rel}","templated":true}]}}