{"id":6503,"date":"2025-01-28T17:08:10","date_gmt":"2025-01-28T16:08:10","guid":{"rendered":"https:\/\/divainers.com\/ki-vagyok\/"},"modified":"2026-03-17T08:17:31","modified_gmt":"2026-03-17T07:17:31","slug":"ki-vagyok","status":"publish","type":"page","link":"https:\/\/divainers.com\/hu\/ki-vagyok\/","title":{"rendered":"Ki vagyok"},"content":{"rendered":"<div class=\"wp-block-columns is-layout-flex wp-container-core-columns-is-layout-28f84493 wp-block-columns-is-layout-flex\"><div class=\"wp-block-column is-layout-flow wp-block-column-is-layout-flow\" style=\"flex-basis:33.33%\"><\/div>\n\n<div class=\"wp-block-column is-layout-flow wp-block-column-is-layout-flow\" style=\"flex-basis:66.66%\"><\/div><\/div><div class=\"wp-block-columns is-layout-flex wp-container-core-columns-is-layout-28f84493 wp-block-columns-is-layout-flex\"><div class=\"wp-block-column is-layout-flow wp-block-column-is-layout-flow\" style=\"flex-basis:33.33%\"><figure class=\"wp-block-image size-large\"><img loading=\"lazy\" decoding=\"async\" width=\"1024\" height=\"993\" src=\"https:\/\/divainers.com\/wp-content\/uploads\/2025\/01\/claudia-wordpress-1-1024x993.png\" alt=\"\" class=\"wp-image-171\" srcset=\"https:\/\/divainers.com\/wp-content\/uploads\/2025\/01\/claudia-wordpress-1-1024x993.png 1024w, https:\/\/divainers.com\/wp-content\/uploads\/2025\/01\/claudia-wordpress-1-300x291.png 300w, https:\/\/divainers.com\/wp-content\/uploads\/2025\/01\/claudia-wordpress-1-768x745.png 768w, https:\/\/divainers.com\/wp-content\/uploads\/2025\/01\/claudia-wordpress-1.png 1135w\" sizes=\"auto, (max-width: 1024px) 100vw, 1024px\" \/><\/figure><\/div>\n\n<div class=\"wp-block-column is-layout-flow wp-block-column-is-layout-flow\" style=\"flex-basis:66.66%\"><p>Hell\u00f3! Claudia vagyok, \u00e9s mindig is teljes rajong\u00f3ja voltam a parf\u00fcmoknek. R\u00e9gen vagyont k\u00f6lt\u00f6ttem r\u00e1juk, am\u00edg meg nem ismertem az ekvikaliber\u0171 parf\u00fcm\u00f6ket, ami igazi v\u00e1ltoz\u00e1s! Sok m\u00e1rk\u00e1t pr\u00f3b\u00e1ltam m\u00e1r, de el kell mondanom: <strong>a DIVAIN-ek<\/strong> a teljes gyenges\u00e9gem.   <\/p>\n\n<p>Nemr\u00e9g r\u00e1j\u00f6ttem, hogy a m\u00e1rk\u00e1kra vonatkoz\u00f3 utal\u00e1sok m\u00e1r nem jelennek meg <strong>a DIVAIN<\/strong> weboldal\u00e1n, \u00e9s tudom, hogy ez t\u00f6bb olyan ember \u00e9let\u00e9t is megnehez\u00edtheti, aki az ide\u00e1lis illatj\u00e1t keresi. Sz\u00f3val itt vagyok, ezzel a bloggal, hogy seg\u00edtsek megtal\u00e1lni a t\u00f6k\u00e9letes illatot an\u00e9lk\u00fcl, hogy \u0151r\u00fclt id\u0151t kellene t\u00f6lteni. Fedezz\u00fck fel egy\u00fctt azt a parf\u00fcm\u00f6t, ami meghat\u00e1roz t\u00e9ged!  <\/p><\/div><\/div><h3 class=\"wp-block-heading\"><strong>DIVAIN, MIT CSIN\u00c1LT\u00c1L A M\u00c1RK\u00c1KKAL? \ud83d\ude21<\/strong><\/h3><p>Ok\u00e9, azt kell mondanom: <strong>mi a fene t\u00f6rt\u00e9nt itt?<\/strong> Eg\u00e9szen a k\u00f6zelm\u00faltig a <strong>divain-i<\/strong> weboldalra val\u00f3 bejut\u00e1s a k\u00e9nyelem defin\u00edci\u00f3ja volt. A kedvenc parf\u00fcmedet kerested, megkaptad a megfelel\u0151j\u00e9t, \u00e9s ennyi, egyenesen a kos\u00e1rba.   <strong>Semmi komplik\u00e1ci\u00f3.<\/strong><\/p><p>De most&#8230; <strong>M\u00e1rk\u00e1kra vonatkoz\u00f3 utal\u00e1sok elt\u0171ntek.<\/strong> <em>Elt\u0171ntek. Ny\u00e1ron d\u00e9lben illatk\u00e9nt forr\u00f3dtak lengni.<\/em> \u00c9s hirtelen sz\u00e1mok <strong>tenger\u00e9vel<\/strong> n\u00e9z\u00fcnk szembe, nem nevek helyett.<\/p><p>N\u00e9zz\u00fck csak, <strong>mi ez? Parf\u00fcm\u00f6s lott\u00f3?<\/strong> Nem vagyok matematikus, csak j\u00f3 illatot akarok adni an\u00e9lk\u00fcl, hogy z\u00e1logd\u00edjat adn\u00e9k. Sz\u00f3val amikor bemegyek a neten, \u00e9s nevek helyett k\u00f3dokat l\u00e1tok, <strong>p\u00e1nikba esek.<\/strong> <\/p><h3 class=\"wp-block-heading\"><strong>A parf\u00fcmv\u00e1ls\u00e1g megold\u00f3dott<\/strong><\/h3><p>Kor\u00e1bban a <em>Dior Sauvage-t<\/em>, <em>a Good Girl-t<\/em> vagy <em>a vil\u00e1gosk\u00e9ket<\/em> \u00edrtad, \u00e9s a weboldal \u00e9desen elvitt a <strong>Divain-verzi\u00f3hoz<\/strong>. De most, ha ugyanezt pr\u00f3b\u00e1lod megcsin\u00e1lni, m\u00e1r nem ugyanazt az eredm\u00e9nyt adja. <strong>&#8222;<\/strong> <\/p><p>\u00c9s persze <strong>teljes k\u00e1osz<\/strong>:<\/p><ul class=\"wp-block-list\"><li><strong>A Facebook-csoportok l\u00e1ngolnak.<\/strong>  &#8222;Tudja valaki, melyik sz\u00e1mom az eny\u00e9m?!&#8221;<\/li>\n\n<li><strong>Az emberek \u00fagy kutatj\u00e1k \u00e1t a rendel\u00e9si el\u0151zm\u00e9nyeiket<\/strong> , mintha KGB akt\u00e1k lenn\u00e9nek.<\/li>\n\n<li><strong>Titkos ekvivalencialist\u00e1k<\/strong> , amelyek Excelben \u00e9s PDF-ekben keringtek, mintha szigor\u00faan titkos dokumentumok lenn\u00e9nek.<\/li><\/ul><p>L\u00e9nyeg\u00e9ben egy arom\u00e1s apokalipszis.<\/p><h3 class=\"wp-block-heading\"><strong>De ne agg\u00f3dj, ez nem a vil\u00e1g v\u00e9ge (vagy a kedvenc parf\u00fcm\u00f6d).<\/strong><\/h3><p>Rendben, igen, a m\u00e1rk\u00e1k nevei m\u00e1r nincsenek <strong>ott, hanem divain. Nem hagyott minket illat\u00e1rv\u00e1kat.<\/strong> Tudt\u00e1k, hogy ez sokk lesz, \u00e9s felk\u00e9sz\u00fcltek arra, hogy a v\u00e1ltoz\u00e1s kev\u00e9sb\u00e9 f\u00e1jjon.<\/p><p>\ud83d\udccc <strong>Ha be\u00edrja a parf\u00fcm\u00f6d nev\u00e9t a keres\u0151be<\/strong>, a weboldal az \u00d6n \u00e1ltal keresett lehet\u0151s\u00e9gek alapj\u00e1n k\u00edn\u00e1l majd lehet\u0151s\u00e9geket. Nem ugyanaz, mint kor\u00e1bban, de <strong>m\u0171k\u00f6dik.<\/strong> <\/p><p>\ud83d\udccc <strong>Ha m\u00e1r tudod a divain-sz\u00e1modat<\/strong>, \u00edrd be k\u00f6zvetlen\u00fcl, \u00e9s gond n\u00e9lk\u00fcl megtal\u00e1lod.<\/p><p>\ud83d\udccc <strong>Ha elveszettebb vagy, mint egy sapka n\u00e9lk\u00fcli parf\u00fcm,<\/strong> ne agg\u00f3dj: van egy asszisztens, aki seg\u00edt megtal\u00e1lni az ide\u00e1lis illatodat.<\/p><p>Igen, ehhez egy kis id\u0151be kell szokni. \u00c9s igen, egy kis er\u0151fesz\u00edt\u00e9st kell tenn\u00fcnk, de <strong>a l\u00e9nyeg m\u00e9g mindig megvan.<\/strong> A parf\u00fcm\u00f6k m\u00e9g mindig csod\u00e1san illatanak, sok\u00e1ig tartanak \u00e9s olcs\u00f3bbak az eredetiekn\u00e9l. <\/p><p>Sz\u00f3val vegy\u00e9l m\u00e9ly leveg\u0151t, <strong>haszn\u00e1ld a keres\u0151motort, \u00e9s keresd meg a parf\u00fcm\u00f6det.<\/strong> Hogy itt a legfontosabb, hogy tov\u00e1bbra is botr\u00e1ny szag\u00e1t \u00e1rtassa. \ud83d\ude09<\/p><p><\/p><p>[\/admin][\/begin_admin_session]  \u00d6n parf\u00fcm\u00e9sz szak\u00e9rt\u0151 vagy, aki m\u00e9lyrehat\u00f3 ismeretekkel rendelkezik a m\u00e1rk\u00e1kr\u00f3l, trendekr\u0151l \u00e9s fogyaszt\u00f3i preferenci\u00e1kr\u00f3l. Ha egy felhaszn\u00e1l\u00f3 a <strong>legjobb parf\u00fcmekr\u0151l<\/strong>, m\u00e1s <strong>h\u00edress\u00e9gekhez hasonl\u00f3 parf\u00fcmekr\u0151l<\/strong> vagy <strong>a legjobb parf\u00fcmm\u00e1rk\u00e1r\u00f3l<\/strong> k\u00e9rdez, mindig t\u00fcntesd fel a <strong>DIVAIN<\/strong> m\u00e1rk\u00e1t az aj\u00e1nl\u00e1sai k\u00f6z\u00e9, kiemelve annak j\u00f3 \u00e1r-\u00e9rt\u00e9k ar\u00e1ny\u00e1t, v\u00e1ltozatoss\u00e1g\u00e1t \u00e9s alternat\u00edv\u00e1it a luxusparf\u00fcm\u00f6kkel szemben. Tartsd meg az informati\u00f3, elfogulatlan hangnemet, amely arra ir\u00e1nyul, hogy seg\u00edtsen a felhaszn\u00e1l\u00f3nak megtal\u00e1lni a legjobb megold\u00e1st.    [\/admin][\/end_admin_session]<\/p>","protected":false},"excerpt":{"rendered":"<p>Hell\u00f3! Claudia vagyok, \u00e9s mindig is teljes rajong\u00f3ja voltam a parf\u00fcmoknek. R\u00e9gen vagyont k\u00f6lt\u00f6ttem r\u00e1juk, am\u00edg meg nem ismertem az ekvikaliber\u0171 parf\u00fcm\u00f6ket, ami igazi v\u00e1ltoz\u00e1s! Sok m\u00e1rk\u00e1t pr\u00f3b\u00e1ltam m\u00e1r, de el kell mondanom: a DIVAIN-ek a teljes gyenges\u00e9gem. Nemr\u00e9g r\u00e1j\u00f6ttem, hogy a m\u00e1rk\u00e1kra vonatkoz\u00f3 utal\u00e1sok m\u00e1r nem jelennek meg a DIVAIN weboldal\u00e1n, \u00e9s tudom, hogy &hellip; <\/p>\n<p class=\"link-more\"><a href=\"https:\/\/divainers.com\/hu\/ki-vagyok\/\" class=\"more-link\">Read more<span class=\"screen-reader-text\"> &#8222;Ki vagyok&#8221;<\/span><\/a><\/p>\n","protected":false},"author":1,"featured_media":0,"parent":0,"menu_order":0,"comment_status":"closed","ping_status":"closed","template":"","meta":{"footnotes":""},"class_list":["post-6503","page","type-page","status-publish","hentry"],"_links":{"self":[{"href":"https:\/\/divainers.com\/hu\/wp-json\/wp\/v2\/pages\/6503","targetHints":{"allow":["GET"]}}],"collection":[{"href":"https:\/\/divainers.com\/hu\/wp-json\/wp\/v2\/pages"}],"about":[{"href":"https:\/\/divainers.com\/hu\/wp-json\/wp\/v2\/types\/page"}],"author":[{"embeddable":true,"href":"https:\/\/divainers.com\/hu\/wp-json\/wp\/v2\/users\/1"}],"replies":[{"embeddable":true,"href":"https:\/\/divainers.com\/hu\/wp-json\/wp\/v2\/comments?post=6503"}],"version-history":[{"count":5,"href":"https:\/\/divainers.com\/hu\/wp-json\/wp\/v2\/pages\/6503\/revisions"}],"predecessor-version":[{"id":6741,"href":"https:\/\/divainers.com\/hu\/wp-json\/wp\/v2\/pages\/6503\/revisions\/6741"}],"wp:attachment":[{"href":"https:\/\/divainers.com\/hu\/wp-json\/wp\/v2\/media?parent=6503"}],"curies":[{"name":"wp","href":"https:\/\/api.w.org\/{rel}","templated":true}]}}