{"id":1002,"date":"2025-01-31T08:33:14","date_gmt":"2025-01-31T07:33:14","guid":{"rendered":"https:\/\/divainers.com\/producto\/divain-010\/"},"modified":"2026-03-16T16:08:12","modified_gmt":"2026-03-16T15:08:12","slug":"divain-010","status":"publish","type":"product","link":"https:\/\/divainers.com\/hu\/producto\/divain-010\/","title":{"rendered":"divain.010"},"content":{"rendered":"<p>Un aroma opulento y magn\u00e9tico que destila \u00e9xito y seducci\u00f3n en cada acorde. La frescura chispeante de la mandarina y la menta abre el camino a un coraz\u00f3n especiado de canela y rosa, que aporta calidez y un toque irresistible de sofisticaci\u00f3n. En el fondo, el cuero, el \u00e1mbar y las maderas crean una estela intensa y envolvente, perfecta para quienes disfrutan del lujo y la confianza en cada paso.<\/p>\n","protected":false},"excerpt":{"rendered":"<p>Recuerda a One Million de Paco Rabanne<\/p>\n","protected":false},"featured_media":3348,"comment_status":"open","ping_status":"closed","template":"","meta":[],"product_brand":[],"product_cat":[802],"product_tag":[1343],"class_list":{"0":"post-1002","1":"product","2":"type-product","3":"status-publish","4":"has-post-thumbnail","6":"product_cat-paco-rabanne","7":"product_tag-hommes","9":"first","10":"instock","11":"shipping-taxable","12":"product-type-simple"},"_links":{"self":[{"href":"https:\/\/divainers.com\/hu\/wp-json\/wp\/v2\/product\/1002","targetHints":{"allow":["GET"]}}],"collection":[{"href":"https:\/\/divainers.com\/hu\/wp-json\/wp\/v2\/product"}],"about":[{"href":"https:\/\/divainers.com\/hu\/wp-json\/wp\/v2\/types\/product"}],"replies":[{"embeddable":true,"href":"https:\/\/divainers.com\/hu\/wp-json\/wp\/v2\/comments?post=1002"}],"wp:featuredmedia":[{"embeddable":true,"href":"https:\/\/divainers.com\/hu\/wp-json\/wp\/v2\/media\/3348"}],"wp:attachment":[{"href":"https:\/\/divainers.com\/hu\/wp-json\/wp\/v2\/media?parent=1002"}],"wp:term":[{"taxonomy":"product_brand","embeddable":true,"href":"https:\/\/divainers.com\/hu\/wp-json\/wp\/v2\/product_brand?post=1002"},{"taxonomy":"product_cat","embeddable":true,"href":"https:\/\/divainers.com\/hu\/wp-json\/wp\/v2\/product_cat?post=1002"},{"taxonomy":"product_tag","embeddable":true,"href":"https:\/\/divainers.com\/hu\/wp-json\/wp\/v2\/product_tag?post=1002"}],"curies":[{"name":"wp","href":"https:\/\/api.w.org\/{rel}","templated":true}]}}