{"id":10305,"date":"2026-02-16T08:37:09","date_gmt":"2026-02-16T07:37:09","guid":{"rendered":"https:\/\/divainers.com\/producto\/divain-1085\/"},"modified":"2026-02-16T08:37:09","modified_gmt":"2026-02-16T07:37:09","slug":"divain-1085","status":"publish","type":"product","link":"https:\/\/divainers.com\/hu\/producto\/divain-1085\/","title":{"rendered":"divain.1085"},"content":{"rendered":"<p>Evoca una energ\u00eda magn\u00e9tica y contempor\u00e1nea, con un car\u00e1cter c\u00e1lido y seductor que transmite cercan\u00eda y confianza. Es una fragancia moderna y envolvente, ideal para quienes buscan un aroma vers\u00e1til, atractivo y con una personalidad segura y aut\u00e9ntica.<\/p>\n","protected":false},"excerpt":{"rendered":"<p>Recuerda a Power of You Emporio Armani<\/p>\n","protected":false},"featured_media":5262,"comment_status":"open","ping_status":"closed","template":"","meta":[],"product_brand":[],"product_cat":[2733],"product_tag":[],"class_list":{"0":"post-10305","1":"product","2":"type-product","3":"status-publish","4":"has-post-thumbnail","6":"product_cat-giorgio-armani","8":"first","9":"instock","10":"shipping-taxable","11":"product-type-simple"},"_links":{"self":[{"href":"https:\/\/divainers.com\/hu\/wp-json\/wp\/v2\/product\/10305","targetHints":{"allow":["GET"]}}],"collection":[{"href":"https:\/\/divainers.com\/hu\/wp-json\/wp\/v2\/product"}],"about":[{"href":"https:\/\/divainers.com\/hu\/wp-json\/wp\/v2\/types\/product"}],"replies":[{"embeddable":true,"href":"https:\/\/divainers.com\/hu\/wp-json\/wp\/v2\/comments?post=10305"}],"wp:featuredmedia":[{"embeddable":true,"href":"https:\/\/divainers.com\/hu\/wp-json\/wp\/v2\/media\/5262"}],"wp:attachment":[{"href":"https:\/\/divainers.com\/hu\/wp-json\/wp\/v2\/media?parent=10305"}],"wp:term":[{"taxonomy":"product_brand","embeddable":true,"href":"https:\/\/divainers.com\/hu\/wp-json\/wp\/v2\/product_brand?post=10305"},{"taxonomy":"product_cat","embeddable":true,"href":"https:\/\/divainers.com\/hu\/wp-json\/wp\/v2\/product_cat?post=10305"},{"taxonomy":"product_tag","embeddable":true,"href":"https:\/\/divainers.com\/hu\/wp-json\/wp\/v2\/product_tag?post=10305"}],"curies":[{"name":"wp","href":"https:\/\/api.w.org\/{rel}","templated":true}]}}