{"id":10702,"date":"2025-01-31T08:32:35","date_gmt":"2025-01-31T07:32:35","guid":{"rendered":"https:\/\/divainers.com\/producto\/divain-383\/"},"modified":"2026-04-30T10:46:51","modified_gmt":"2026-04-30T08:46:51","slug":"divain-383","status":"publish","type":"product","link":"https:\/\/divainers.com\/hu\/producto\/divain-383\/","title":{"rendered":"divain.383"},"content":{"rendered":"<p>Egy mer\u00e9sz \u00e9s cs\u00e1b\u00edt\u00f3 kombin\u00e1ci\u00f3, ahol az arom\u00e1s levendula fa jegyekkel \u00e9s f\u0171szeres alapjegyekkel olvad \u00f6ssze. M\u00e9ly, enyh\u00e9n \u00e9des karaktere modern hangulatot k\u00f6lcs\u00f6n\u00f6z an\u00e9lk\u00fcl, hogy elvesz\u00edten\u00e9 klasszikus, f\u00e9rfias l\u00e9nyeg\u00e9t.<\/p>\n","protected":false},"excerpt":{"rendered":"<p>Eml\u00e9keztet a Drakkar Intense de Guy Laroche illatra<\/p>\n","protected":false},"featured_media":10701,"comment_status":"open","ping_status":"closed","template":"","meta":[],"product_brand":[],"product_cat":[2925],"product_tag":[1372],"class_list":{"0":"post-10702","1":"product","2":"type-product","3":"status-publish","4":"has-post-thumbnail","6":"product_cat-guy-laroche","7":"product_tag-ferfiak","9":"first","10":"instock","11":"shipping-taxable","12":"product-type-simple"},"_links":{"self":[{"href":"https:\/\/divainers.com\/hu\/wp-json\/wp\/v2\/product\/10702","targetHints":{"allow":["GET"]}}],"collection":[{"href":"https:\/\/divainers.com\/hu\/wp-json\/wp\/v2\/product"}],"about":[{"href":"https:\/\/divainers.com\/hu\/wp-json\/wp\/v2\/types\/product"}],"replies":[{"embeddable":true,"href":"https:\/\/divainers.com\/hu\/wp-json\/wp\/v2\/comments?post=10702"}],"wp:featuredmedia":[{"embeddable":true,"href":"https:\/\/divainers.com\/hu\/wp-json\/wp\/v2\/media\/10701"}],"wp:attachment":[{"href":"https:\/\/divainers.com\/hu\/wp-json\/wp\/v2\/media?parent=10702"}],"wp:term":[{"taxonomy":"product_brand","embeddable":true,"href":"https:\/\/divainers.com\/hu\/wp-json\/wp\/v2\/product_brand?post=10702"},{"taxonomy":"product_cat","embeddable":true,"href":"https:\/\/divainers.com\/hu\/wp-json\/wp\/v2\/product_cat?post=10702"},{"taxonomy":"product_tag","embeddable":true,"href":"https:\/\/divainers.com\/hu\/wp-json\/wp\/v2\/product_tag?post=10702"}],"curies":[{"name":"wp","href":"https:\/\/api.w.org\/{rel}","templated":true}]}}