{"id":1091,"date":"2025-01-31T08:33:24","date_gmt":"2025-01-31T07:33:24","guid":{"rendered":"https:\/\/divainers.com\/producto\/divain-270\/"},"modified":"2026-03-16T16:08:19","modified_gmt":"2026-03-16T15:08:19","slug":"divain-270","status":"publish","type":"product","link":"https:\/\/divainers.com\/hu\/producto\/divain-270\/","title":{"rendered":"divain.270"},"content":{"rendered":"<p>Es una fragancia masculina que se caracteriza por su frescura, elegancia y sensualidad. Con una apertura c\u00edtrica gracias a las notas de mandarina y bergamota, se va suavizando hacia un coraz\u00f3n de flor de azahar, lavanda y cedro. La base amaderada de s\u00e1ndalo, vetiver y almizcle aporta profundidad y una sensaci\u00f3n c\u00e1lida y envolvente. Es un perfume sofisticado, ideal para quienes buscan algo cl\u00e1sico pero con un toque moderno. Perfecto para usar tanto de d\u00eda como de noche.<\/p>\n","protected":false},"excerpt":{"rendered":"<p>Recuerda a Lui de Rochas<\/p>\n","protected":false},"featured_media":3735,"comment_status":"open","ping_status":"closed","template":"","meta":[],"product_brand":[],"product_cat":[898],"product_tag":[1344],"class_list":{"0":"post-1091","1":"product","2":"type-product","3":"status-publish","4":"has-post-thumbnail","6":"product_cat-rochas","7":"product_tag-miehet","9":"first","10":"instock","11":"shipping-taxable","12":"product-type-simple"},"_links":{"self":[{"href":"https:\/\/divainers.com\/hu\/wp-json\/wp\/v2\/product\/1091","targetHints":{"allow":["GET"]}}],"collection":[{"href":"https:\/\/divainers.com\/hu\/wp-json\/wp\/v2\/product"}],"about":[{"href":"https:\/\/divainers.com\/hu\/wp-json\/wp\/v2\/types\/product"}],"replies":[{"embeddable":true,"href":"https:\/\/divainers.com\/hu\/wp-json\/wp\/v2\/comments?post=1091"}],"wp:featuredmedia":[{"embeddable":true,"href":"https:\/\/divainers.com\/hu\/wp-json\/wp\/v2\/media\/3735"}],"wp:attachment":[{"href":"https:\/\/divainers.com\/hu\/wp-json\/wp\/v2\/media?parent=1091"}],"wp:term":[{"taxonomy":"product_brand","embeddable":true,"href":"https:\/\/divainers.com\/hu\/wp-json\/wp\/v2\/product_brand?post=1091"},{"taxonomy":"product_cat","embeddable":true,"href":"https:\/\/divainers.com\/hu\/wp-json\/wp\/v2\/product_cat?post=1091"},{"taxonomy":"product_tag","embeddable":true,"href":"https:\/\/divainers.com\/hu\/wp-json\/wp\/v2\/product_tag?post=1091"}],"curies":[{"name":"wp","href":"https:\/\/api.w.org\/{rel}","templated":true}]}}