{"id":1099,"date":"2025-01-31T08:33:26","date_gmt":"2025-01-31T07:33:26","guid":{"rendered":"https:\/\/divainers.com\/producto\/divain-433\/"},"modified":"2026-03-16T16:08:20","modified_gmt":"2026-03-16T15:08:20","slug":"divain-433","status":"publish","type":"product","link":"https:\/\/divainers.com\/hu\/producto\/divain-433\/","title":{"rendered":"divain.433"},"content":{"rendered":"<p>Un aroma sofisticado y vibrante que encarna la esencia de la elegancia moderna con un toque atrevido. La apertura fresca y especiada, con notas de bergamota y pimienta negra, despierta los sentidos con una energ\u00eda refinada. En su coraz\u00f3n, un acorde arom\u00e1tico de lavanda y geranio aporta equilibrio y distinci\u00f3n, mientras que el fondo de maderas nobles, \u00e1mbar y un sutil toque avainillado deja una estela c\u00e1lida, envolvente y masculina. Un perfume vers\u00e1til y magn\u00e9tico, ideal para quienes buscan un estilo exclusivo, carism\u00e1tico y con personalidad.<\/p>\n","protected":false},"excerpt":{"rendered":"<p>Recuerda a Scalpers the Club de Scalpers<\/p>\n","protected":false},"featured_media":3671,"comment_status":"open","ping_status":"closed","template":"","meta":[],"product_brand":[],"product_cat":[911],"product_tag":[25],"class_list":{"0":"post-1099","1":"product","2":"type-product","3":"status-publish","4":"has-post-thumbnail","6":"product_cat-scalpers","7":"product_tag-hombre","9":"first","10":"instock","11":"shipping-taxable","12":"product-type-simple"},"_links":{"self":[{"href":"https:\/\/divainers.com\/hu\/wp-json\/wp\/v2\/product\/1099","targetHints":{"allow":["GET"]}}],"collection":[{"href":"https:\/\/divainers.com\/hu\/wp-json\/wp\/v2\/product"}],"about":[{"href":"https:\/\/divainers.com\/hu\/wp-json\/wp\/v2\/types\/product"}],"replies":[{"embeddable":true,"href":"https:\/\/divainers.com\/hu\/wp-json\/wp\/v2\/comments?post=1099"}],"wp:featuredmedia":[{"embeddable":true,"href":"https:\/\/divainers.com\/hu\/wp-json\/wp\/v2\/media\/3671"}],"wp:attachment":[{"href":"https:\/\/divainers.com\/hu\/wp-json\/wp\/v2\/media?parent=1099"}],"wp:term":[{"taxonomy":"product_brand","embeddable":true,"href":"https:\/\/divainers.com\/hu\/wp-json\/wp\/v2\/product_brand?post=1099"},{"taxonomy":"product_cat","embeddable":true,"href":"https:\/\/divainers.com\/hu\/wp-json\/wp\/v2\/product_cat?post=1099"},{"taxonomy":"product_tag","embeddable":true,"href":"https:\/\/divainers.com\/hu\/wp-json\/wp\/v2\/product_tag?post=1099"}],"curies":[{"name":"wp","href":"https:\/\/api.w.org\/{rel}","templated":true}]}}