{"id":1114,"date":"2025-01-31T08:33:27","date_gmt":"2025-01-31T07:33:27","guid":{"rendered":"https:\/\/divainers.com\/producto\/divain-570\/"},"modified":"2026-04-30T16:09:31","modified_gmt":"2026-04-30T14:09:31","slug":"divain-570","status":"publish","type":"product","link":"https:\/\/divainers.com\/hu\/producto\/divain-570\/","title":{"rendered":"divain.570"},"content":{"rendered":"<p>Zavodljiv i tajanstven miris koji obavija osjetila mje\u0161avinom svje\u017eine i duboke senzualnosti. Od samog po\u010detka, citrusne note rabarbare i naran\u010de donose zelenu i \u017eivahnu svje\u017einu, pra\u0107enu nje\u017enim cvjetnim eksplozijom cvijeta naran\u010de koja daje delikatan cvjetni dodir. U srcu, ljiljan i ru\u017ea se stapaju u obavijaju\u0107u senzualnost, dok drvenasta baza sandalovine, mo\u0161usa i jantara dodaje toplu, zemljanu i duboku podlogu. Idealni parfem za one koji tra\u017ee cvjetni, drvenasti i blago vo\u0107ni miris, savr\u0161en za one koji \u017eele ostaviti tajanstven, elegantan i zavodljiv trag.<\/p>\n","protected":false},"excerpt":{"rendered":"<p>Podsje\u0107a na Aura Mugler od Thierry Mugler<\/p>\n","protected":false},"featured_media":15550,"comment_status":"open","ping_status":"closed","template":"","meta":[],"product_brand":[],"product_cat":[3752],"product_tag":[1444],"class_list":{"0":"post-1114","1":"product","2":"type-product","3":"status-publish","4":"has-post-thumbnail","6":"product_cat-thierry-mugler","7":"product_tag-kvinner","9":"first","10":"instock","11":"shipping-taxable","12":"product-type-simple"},"_links":{"self":[{"href":"https:\/\/divainers.com\/hu\/wp-json\/wp\/v2\/product\/1114","targetHints":{"allow":["GET"]}}],"collection":[{"href":"https:\/\/divainers.com\/hu\/wp-json\/wp\/v2\/product"}],"about":[{"href":"https:\/\/divainers.com\/hu\/wp-json\/wp\/v2\/types\/product"}],"replies":[{"embeddable":true,"href":"https:\/\/divainers.com\/hu\/wp-json\/wp\/v2\/comments?post=1114"}],"wp:featuredmedia":[{"embeddable":true,"href":"https:\/\/divainers.com\/hu\/wp-json\/wp\/v2\/media\/15550"}],"wp:attachment":[{"href":"https:\/\/divainers.com\/hu\/wp-json\/wp\/v2\/media?parent=1114"}],"wp:term":[{"taxonomy":"product_brand","embeddable":true,"href":"https:\/\/divainers.com\/hu\/wp-json\/wp\/v2\/product_brand?post=1114"},{"taxonomy":"product_cat","embeddable":true,"href":"https:\/\/divainers.com\/hu\/wp-json\/wp\/v2\/product_cat?post=1114"},{"taxonomy":"product_tag","embeddable":true,"href":"https:\/\/divainers.com\/hu\/wp-json\/wp\/v2\/product_tag?post=1114"}],"curies":[{"name":"wp","href":"https:\/\/api.w.org\/{rel}","templated":true}]}}